{"id":107,"date":"2022-06-11T17:21:25","date_gmt":"2022-06-11T17:21:25","guid":{"rendered":"https:\/\/artrotrauma.com\/?page_id=107"},"modified":"2022-06-11T17:21:25","modified_gmt":"2022-06-11T17:21:25","slug":"manejo-de-dolor-cronico","status":"publish","type":"page","link":"https:\/\/artrotrauma.com\/?page_id=107","title":{"rendered":"Manejo de Dolor Cronico"},"content":{"rendered":"\n<p>El dolor articular o lumbar por periodos mayores de 3 meses, tienen una alternativa de manejo para disminuir el uso cotidiano de analg\u00e9sicos. <\/p>\n\n\n\n<figure class=\"wp-block-image size-full\"><img data-opt-id=1986603032  fetchpriority=\"high\" decoding=\"async\" width=\"1024\" height=\"797\" src=\"https:\/\/mloqo7naqml6.i.optimole.com\/w:auto\/h:auto\/q:mauto\/f:best\/https:\/\/artrotrauma.com\/wp-content\/uploads\/2022\/06\/img_0491.jpg.webp\" alt=\"\" class=\"wp-image-8\" srcset=\"https:\/\/mloqo7naqml6.i.optimole.com\/w:1024\/h:797\/q:mauto\/f:best\/https:\/\/artrotrauma.com\/wp-content\/uploads\/2022\/06\/img_0491.jpg.webp 1024w, https:\/\/mloqo7naqml6.i.optimole.com\/w:300\/h:233\/q:mauto\/f:best\/https:\/\/artrotrauma.com\/wp-content\/uploads\/2022\/06\/img_0491.jpg.webp 300w, https:\/\/mloqo7naqml6.i.optimole.com\/w:768\/h:598\/q:mauto\/f:best\/https:\/\/artrotrauma.com\/wp-content\/uploads\/2022\/06\/img_0491.jpg.webp 768w\" sizes=\"(max-width: 1024px) 100vw, 1024px\" \/><\/figure>\n\n\n\n<p>COOLIEF es un procedimiento patentado, reproducible y SIN cirug\u00eda para manejo de dolor en hombro, cadera, rodilla y espalda baja. <\/p>\n\n\n\n<p>Aun en casos en los que no se desea cirug\u00eda o despu\u00e9s de una cirug\u00eda se continua con dolor, COOLIEF puede ser una alternativa al tratamiento de DOLOR. <\/p>\n\n\n\n<p>Dentro de las ventajas de este procedimiento: <\/p>\n\n\n\n<ul class=\"wp-block-list\"><li>Es ambulatorio, no requiere hospitalizaci\u00f3n.<\/li><li>Se realiza con anestesia local.<\/li><li>Pronta recuperaci\u00f3n.<\/li><li>Disminuye el uso continuo de medicaci\u00f3n para dolor y sus efectos adversos. <\/li><\/ul>\n\n\n\n<p>Utiliza tecnologia termica para modular nervios sensitivos que permanecen comunicando la se\u00f1al dolorosa de forma continua.<\/p>\n\n\n\n<p>Se introduce un electrodo a trav\u00e9s de canula conectado a PMG (pain management generator), quien realiza pruebas para verificar el nervio a tratar haciendo un procedimiento seguro, efectivo y reproducible. <\/p>\n","protected":false},"excerpt":{"rendered":"<p>El dolor articular o lumbar por periodos mayores de 3 meses, tienen una alternativa de manejo para disminuir el uso cotidiano de analg\u00e9sicos. COOLIEF es un procedimiento patentado, reproducible y SIN cirug\u00eda para manejo de dolor en hombro, cadera, rodilla y espalda baja. Aun en casos en los que no se desea cirug\u00eda o despu\u00e9s &#8230; <a title=\"Manejo de Dolor Cronico\" class=\"read-more\" href=\"https:\/\/artrotrauma.com\/?page_id=107\" aria-label=\"More on Manejo de Dolor Cronico\">Read more<\/a><\/p>\n","protected":false},"author":1,"featured_media":0,"parent":0,"menu_order":0,"comment_status":"closed","ping_status":"closed","template":"","meta":{"footnotes":""},"class_list":["post-107","page","type-page","status-publish"],"_links":{"self":[{"href":"https:\/\/artrotrauma.com\/index.php?rest_route=\/wp\/v2\/pages\/107","targetHints":{"allow":["GET"]}}],"collection":[{"href":"https:\/\/artrotrauma.com\/index.php?rest_route=\/wp\/v2\/pages"}],"about":[{"href":"https:\/\/artrotrauma.com\/index.php?rest_route=\/wp\/v2\/types\/page"}],"author":[{"embeddable":true,"href":"https:\/\/artrotrauma.com\/index.php?rest_route=\/wp\/v2\/users\/1"}],"replies":[{"embeddable":true,"href":"https:\/\/artrotrauma.com\/index.php?rest_route=%2Fwp%2Fv2%2Fcomments&post=107"}],"version-history":[{"count":5,"href":"https:\/\/artrotrauma.com\/index.php?rest_route=\/wp\/v2\/pages\/107\/revisions"}],"predecessor-version":[{"id":113,"href":"https:\/\/artrotrauma.com\/index.php?rest_route=\/wp\/v2\/pages\/107\/revisions\/113"}],"wp:attachment":[{"href":"https:\/\/artrotrauma.com\/index.php?rest_route=%2Fwp%2Fv2%2Fmedia&parent=107"}],"curies":[{"name":"wp","href":"https:\/\/api.w.org\/{rel}","templated":true}]}}