{"id":119,"date":"2022-06-11T18:48:26","date_gmt":"2022-06-11T18:48:26","guid":{"rendered":"https:\/\/artrotrauma.com\/?page_id=119"},"modified":"2023-08-15T04:42:50","modified_gmt":"2023-08-15T04:42:50","slug":"artrotrauma","status":"publish","type":"page","link":"https:\/\/artrotrauma.com\/","title":{"rendered":""},"content":{"rendered":"\n<div class=\"wp-block-cover alignfull is-light has-text-color has-small-font-size\" style=\"color:#fffdc7\"><span aria-hidden=\"true\" class=\"wp-block-cover__background has-background-dim-10 has-background-dim\" style=\"background-color:#121c1c\"><\/span><img data-opt-id=2002721745  fetchpriority=\"high\" decoding=\"async\" width=\"1024\" height=\"768\" class=\"wp-block-cover__image-background wp-image-10\" alt=\"\" src=\"https:\/\/mloqo7naqml6.i.optimole.com\/w:auto\/h:auto\/q:mauto\/f:best\/https:\/\/artrotrauma.com\/wp-content\/uploads\/2022\/06\/image-1-1.jpg.webp\" style=\"object-position:51% 100%\" data-object-fit=\"cover\" data-object-position=\"51% 100%\" srcset=\"https:\/\/mloqo7naqml6.i.optimole.com\/w:1024\/h:768\/q:mauto\/f:best\/https:\/\/artrotrauma.com\/wp-content\/uploads\/2022\/06\/image-1-1.jpg.webp 1024w, https:\/\/mloqo7naqml6.i.optimole.com\/w:300\/h:225\/q:mauto\/f:best\/https:\/\/artrotrauma.com\/wp-content\/uploads\/2022\/06\/image-1-1.jpg.webp 300w, https:\/\/mloqo7naqml6.i.optimole.com\/w:768\/h:576\/q:mauto\/f:best\/https:\/\/artrotrauma.com\/wp-content\/uploads\/2022\/06\/image-1-1.jpg.webp 768w\" sizes=\"(max-width: 1024px) 100vw, 1024px\" \/><div class=\"wp-block-cover__inner-container is-layout-flow wp-block-cover-is-layout-flow\">\n<div class=\"wp-block-group alignwide has-link-color wp-elements-e1bcbb2ab3e421231d740f048c0840cd\" style=\"padding-top:2em;padding-right:2em;padding-bottom:2em;padding-left:2em\"><div class=\"wp-block-group__inner-container is-layout-flow wp-block-group-is-layout-flow\">\n<h1 class=\"wp-block-heading\" style=\"font-size:48px;font-weight:700;line-height:1.15\"><mark style=\"background-color:rgba(0, 0, 0, 0)\" class=\"has-inline-color has-base-3-color\">Bienvenidos a Artrotrauma<\/mark><\/h1>\n\n\n\n<p class=\"has-contrast-color has-text-color has-link-color wp-elements-737a938f1800dc1b4d4ba1ab8a130010\"><em><strong><mark style=\"background-color:rgba(0, 0, 0, 0)\" class=\"has-inline-color has-base-3-color\">Mas de 10 a\u00f1os de atenci\u00f3n en artroscopia, ortopedia y traumatolog\u00eda nos respaldan<\/mark><\/strong><\/em><\/p>\n<\/div><\/div>\n\n\n\n<figure class=\"wp-block-gallery has-nested-images columns-default is-cropped wp-block-gallery-1 is-layout-flex wp-block-gallery-is-layout-flex\">\n<figure class=\"wp-block-image size-large\"><img data-opt-id=1733729407  fetchpriority=\"high\" decoding=\"async\" width=\"720\" height=\"371\" data-id=\"436\" src=\"https:\/\/mloqo7naqml6.i.optimole.com\/w:auto\/h:auto\/q:mauto\/f:best\/https:\/\/artrotrauma.com\/wp-content\/uploads\/2023\/08\/ortopedia.webp\" alt=\"\" class=\"wp-image-436\" srcset=\"https:\/\/mloqo7naqml6.i.optimole.com\/w:720\/h:371\/q:mauto\/f:best\/https:\/\/artrotrauma.com\/wp-content\/uploads\/2023\/08\/ortopedia.webp 720w, https:\/\/mloqo7naqml6.i.optimole.com\/w:300\/h:155\/q:mauto\/f:best\/https:\/\/artrotrauma.com\/wp-content\/uploads\/2023\/08\/ortopedia.webp 300w\" sizes=\"(max-width: 720px) 100vw, 720px\" \/><\/figure>\n\n\n\n<figure class=\"wp-block-image size-large\"><img data-opt-id=1762054192  fetchpriority=\"high\" decoding=\"async\" width=\"1024\" height=\"634\" data-id=\"438\" src=\"https:\/\/mloqo7naqml6.i.optimole.com\/w:1024\/h:634\/q:mauto\/f:best\/https:\/\/artrotrauma.com\/wp-content\/uploads\/2023\/08\/male-doctor-s-hand-pointing-at-the-sacroiliac-join-2021-09-04-10-18-53-utc-scaled-1.jpg\" alt=\"\" class=\"wp-image-438\" srcset=\"https:\/\/mloqo7naqml6.i.optimole.com\/w:1024\/h:634\/q:mauto\/f:best\/https:\/\/artrotrauma.com\/wp-content\/uploads\/2023\/08\/male-doctor-s-hand-pointing-at-the-sacroiliac-join-2021-09-04-10-18-53-utc-scaled-1.jpg 1024w, https:\/\/mloqo7naqml6.i.optimole.com\/w:300\/h:186\/q:mauto\/f:best\/https:\/\/artrotrauma.com\/wp-content\/uploads\/2023\/08\/male-doctor-s-hand-pointing-at-the-sacroiliac-join-2021-09-04-10-18-53-utc-scaled-1.jpg 300w, https:\/\/mloqo7naqml6.i.optimole.com\/w:768\/h:476\/q:mauto\/f:best\/https:\/\/artrotrauma.com\/wp-content\/uploads\/2023\/08\/male-doctor-s-hand-pointing-at-the-sacroiliac-join-2021-09-04-10-18-53-utc-scaled-1.jpg 768w, https:\/\/mloqo7naqml6.i.optimole.com\/w:1536\/h:952\/q:mauto\/f:best\/https:\/\/artrotrauma.com\/wp-content\/uploads\/2023\/08\/male-doctor-s-hand-pointing-at-the-sacroiliac-join-2021-09-04-10-18-53-utc-scaled-1.jpg 1536w, https:\/\/mloqo7naqml6.i.optimole.com\/w:1742\/h:1080\/q:mauto\/f:best\/https:\/\/artrotrauma.com\/wp-content\/uploads\/2023\/08\/male-doctor-s-hand-pointing-at-the-sacroiliac-join-2021-09-04-10-18-53-utc-scaled-1.jpg 2048w\" sizes=\"(max-width: 1024px) 100vw, 1024px\" \/><\/figure>\n\n\n\n<figure class=\"wp-block-image size-large\"><img data-opt-id=1365672981  data-opt-src=\"https:\/\/mloqo7naqml6.i.optimole.com\/w:1024\/h:652\/q:mauto\/f:best\/https:\/\/artrotrauma.com\/wp-content\/uploads\/2023\/08\/ortopedia-y-traumotologia2.jpg.webp\"  decoding=\"async\" width=\"1024\" height=\"652\" data-id=\"437\" src=\"data:image/svg+xml,%3Csvg%20viewBox%3D%220%200%201024%20652%22%20width%3D%221024%22%20height%3D%22652%22%20xmlns%3D%22http%3A%2F%2Fwww.w3.org%2F2000%2Fsvg%22%3E%3Crect%20width%3D%221024%22%20height%3D%22652%22%20fill%3D%22transparent%22%2F%3E%3C%2Fsvg%3E\" alt=\"\" class=\"wp-image-437\" old-srcset=\"https:\/\/mloqo7naqml6.i.optimole.com\/w:1024\/h:652\/q:mauto\/f:best\/https:\/\/artrotrauma.com\/wp-content\/uploads\/2023\/08\/ortopedia-y-traumotologia2.jpg.webp 1024w, https:\/\/mloqo7naqml6.i.optimole.com\/w:300\/h:191\/q:mauto\/f:best\/https:\/\/artrotrauma.com\/wp-content\/uploads\/2023\/08\/ortopedia-y-traumotologia2.jpg.webp 300w, https:\/\/mloqo7naqml6.i.optimole.com\/w:768\/h:489\/q:mauto\/f:best\/https:\/\/artrotrauma.com\/wp-content\/uploads\/2023\/08\/ortopedia-y-traumotologia2.jpg.webp 768w, https:\/\/mloqo7naqml6.i.optimole.com\/w:1100\/h:700\/q:mauto\/f:best\/https:\/\/artrotrauma.com\/wp-content\/uploads\/2023\/08\/ortopedia-y-traumotologia2.jpg.webp 1100w\" \/><\/figure>\n<\/figure>\n<\/div><\/div>\n\n\n\n<div class=\"wp-block-group\"><div class=\"wp-block-group__inner-container is-layout-constrained wp-block-group-is-layout-constrained\">\n<p><strong><mark style=\"background-color:rgba(0, 0, 0, 0)\" class=\"has-inline-color has-accent-color\">Acerca de nosotros<\/mark><\/strong><\/p>\n\n\n\n<p>Comprometidos manejo integral ortop\u00e9dico con altos est\u00e1ndares en t\u00e9cnicas y tecnolog\u00eda de vanguardia que garantice la seguridad y alivio de nuestros pacientes. <\/p>\n\n\n\n<p>Somos un centro de referencia con <strong>m\u00e1s de 10 a\u00f1os de experiencia<\/strong> en atenci\u00f3n en ortopedia y traumatolog\u00eda, con cirug\u00edas de m\u00ednima invasi\u00f3n para atenci\u00f3n de lesiones deportivas, traum\u00e1ticas y degenerativas. <\/p>\n\n\n\n<p><mark style=\"background-color:rgba(0, 0, 0, 0)\" class=\"has-inline-color has-accent-color\"><strong>Ofrecemos<\/strong><\/mark><\/p>\n\n\n\n<ul class=\"wp-block-list\">\n<li>Cirug\u00eda por Artroscopia de Hombro, Rodilla, Cadera y Tobillo. <\/li>\n\n\n\n<li>Cirug\u00eda de m\u00ednima invasi\u00f3n en atenci\u00f3n de fracturas y lesiones con desgarro o ruptura.<\/li>\n\n\n\n<li>Procedimientos SIN cirug\u00eda para tratamiento de DOLOR en espalda baja y articular mayor. <\/li>\n\n\n\n<li>Remplazo Articular Prot\u00e9sico en Hombro, Cadera y Rodilla. <\/li>\n<\/ul>\n\n\n\n<p>Situados en un Hospital de Referencia de la Ciudad, contamos con instrumental y equipos de vanguardia en la atenci\u00f3n y diagnostico de enfermedades del aparato m\u00fasculo esquel\u00e9tico. <\/p>\n<\/div><\/div>\n\n\n\n<div style=\"height:51px\" aria-hidden=\"true\" class=\"wp-block-spacer\"><\/div>\n\n\n<div class=\"wp-block-image wp-duotone-unset-2\">\n<figure class=\"aligncenter size-full\"><img data-opt-id=1882294156  data-opt-src=\"https:\/\/mloqo7naqml6.i.optimole.com\/w:auto\/h:auto\/q:mauto\/f:best\/https:\/\/artrotrauma.com\/wp-content\/uploads\/2023\/08\/image-1.jpeg\"  decoding=\"async\" width=\"1024\" height=\"362\" src=\"data:image/svg+xml,%3Csvg%20viewBox%3D%220%200%20100%%20100%%22%20width%3D%22100%%22%20height%3D%22100%%22%20xmlns%3D%22http%3A%2F%2Fwww.w3.org%2F2000%2Fsvg%22%3E%3Crect%20width%3D%22100%%22%20height%3D%22100%%22%20fill%3D%22transparent%22%2F%3E%3C%2Fsvg%3E\" alt=\"This image has an empty alt attribute; its file name is 1A490D94-A035-4DE2-AAA6-851E497860A3-1024x362.jpeg\" class=\"wp-image-407\" old-srcset=\"https:\/\/mloqo7naqml6.i.optimole.com\/w:1024\/h:362\/q:mauto\/f:best\/https:\/\/artrotrauma.com\/wp-content\/uploads\/2023\/08\/image-1.jpeg 1024w, https:\/\/mloqo7naqml6.i.optimole.com\/w:300\/h:106\/q:mauto\/f:best\/https:\/\/artrotrauma.com\/wp-content\/uploads\/2023\/08\/image-1.jpeg 300w, https:\/\/mloqo7naqml6.i.optimole.com\/w:768\/h:272\/q:mauto\/f:best\/https:\/\/artrotrauma.com\/wp-content\/uploads\/2023\/08\/image-1.jpeg 768w\" \/><\/figure>\n<\/div>\n\n\n<div style=\"height:48px\" aria-hidden=\"true\" class=\"wp-block-spacer\"><\/div>\n\n\n\n<div class=\"wp-block-group\"><div class=\"wp-block-group__inner-container is-layout-constrained wp-block-group-is-layout-constrained\">\n<div class=\"wp-block-columns is-layout-flex wp-container-core-columns-is-layout-9d6595d7 wp-block-columns-is-layout-flex\">\n<div class=\"wp-block-column is-layout-flow wp-block-column-is-layout-flow\">\n<figure class=\"wp-block-image size-large is-resized\"><img data-opt-id=1082033789  data-opt-src=\"https:\/\/mloqo7naqml6.i.optimole.com\/w:1024\/h:852\/q:mauto\/f:best\/https:\/\/artrotrauma.com\/wp-content\/uploads\/2023\/08\/Screenshot-2023-08-14-at-10.37.53 p.m.png\"  decoding=\"async\" src=\"data:image/svg+xml,%3Csvg%20viewBox%3D%220%200%201024%20852%22%20width%3D%221024%22%20height%3D%22852%22%20xmlns%3D%22http%3A%2F%2Fwww.w3.org%2F2000%2Fsvg%22%3E%3Crect%20width%3D%221024%22%20height%3D%22852%22%20fill%3D%22transparent%22%2F%3E%3C%2Fsvg%3E\" alt=\"\" class=\"wp-image-463\" style=\"width:353px;height:293px\" width=\"353\" height=\"293\" old-srcset=\"https:\/\/mloqo7naqml6.i.optimole.com\/w:1024\/h:852\/q:mauto\/f:best\/https:\/\/artrotrauma.com\/wp-content\/uploads\/2023\/08\/Screenshot-2023-08-14-at-10.37.53\u202fp.m.png 1024w, https:\/\/mloqo7naqml6.i.optimole.com\/w:300\/h:250\/q:mauto\/f:best\/https:\/\/artrotrauma.com\/wp-content\/uploads\/2023\/08\/Screenshot-2023-08-14-at-10.37.53\u202fp.m.png 300w, https:\/\/mloqo7naqml6.i.optimole.com\/w:768\/h:639\/q:mauto\/f:best\/https:\/\/artrotrauma.com\/wp-content\/uploads\/2023\/08\/Screenshot-2023-08-14-at-10.37.53\u202fp.m.png 768w, https:\/\/mloqo7naqml6.i.optimole.com\/w:1298\/h:1080\/q:mauto\/f:best\/https:\/\/artrotrauma.com\/wp-content\/uploads\/2023\/08\/Screenshot-2023-08-14-at-10.37.53\u202fp.m.png 1536w, https:\/\/mloqo7naqml6.i.optimole.com\/w:1297\/h:1080\/q:mauto\/f:best\/https:\/\/artrotrauma.com\/wp-content\/uploads\/2023\/08\/Screenshot-2023-08-14-at-10.37.53\u202fp.m.png 1680w\" \/><figcaption class=\"wp-element-caption\"><a href=\"https:\/\/goo.gl\/maps\/YpYB2bdrK8dW42Wh9\">https:\/\/goo.gl\/maps\/YpYB2bdrK8dW42Wh9<\/a><\/figcaption><\/figure>\n<\/div>\n\n\n\n<div class=\"wp-block-column is-layout-flow wp-block-column-is-layout-flow\">\n<p class=\"has-text-align-center has-small-font-size\"><strong>Ubicaci\u00f3n<\/strong><\/p>\n\n\n\n<p class=\"has-text-align-center has-small-font-size\">2023 Av. De las Am\u00e9ricas 201-205, Col. Margaritas Cd. Ju\u00e1rez, Chihuahua M\u00e9xico <\/p>\n\n\n\n<p class=\"has-small-font-size\">+52 (656) 611 1022<\/p>\n\n\n\n<p class=\"has-small-font-size\">+52 (656) 826 2551<\/p>\n\n\n\n<p class=\"has-text-align-center has-small-font-size\"><strong>Horarios de atenci\u00f3n <\/strong><\/p>\n\n\n\n<p class=\"has-small-font-size\">Lunes a Viernes 11:00 a 14:00 hrs<\/p>\n\n\n\n<p class=\"has-small-font-size\">Martes y Jueves 17:00 a 19:00 hrs<\/p>\n<\/div>\n<\/div>\n<\/div><\/div>\n\n\n\n<div style=\"height:59px\" aria-hidden=\"true\" class=\"wp-block-spacer\"><\/div>\n\n\n\n<div class=\"wp-block-group alignwide has-background-color has-white-color has-black-background-color has-text-color has-background has-link-color wp-elements-803711b9ed4a4bb3eee3e969d0b8394b is-vertical is-content-justification-center is-layout-flex wp-container-core-group-is-layout-e01e978f wp-block-group-is-layout-flex\" style=\"min-height:40vh;margin-top:0;margin-bottom:0;padding-top:var(--wp--preset--spacing--60);padding-right:var(--wp--preset--spacing--40);padding-bottom:var(--wp--preset--spacing--60);padding-left:var(--wp--preset--spacing--40)\">\n<div class=\"wp-block-columns alignwide has-small-font-size is-layout-flex wp-container-core-columns-is-layout-9d6595d7 wp-block-columns-is-layout-flex\">\n<div class=\"wp-block-column is-layout-flow wp-block-column-is-layout-flow\">\n<p class=\"has-text-align-center\">P\u00e1ginas<\/p>\n\n\n<nav class=\"has-small-font-size items-justified-center is-vertical no-wrap wp-block-navigation is-content-justification-center is-nowrap is-layout-flex wp-container-core-navigation-is-layout-685400d0 wp-block-navigation-is-layout-flex\" aria-label=\"Primary\"><ul class=\"wp-block-navigation__container has-small-font-size items-justified-center is-vertical no-wrap wp-block-navigation has-small-font-size\"><li class=\"has-small-font-size wp-block-navigation-item wp-block-navigation-link\"><a class=\"wp-block-navigation-item__content\"  href=\"https:\/\/artrotrauma.com\/artrotrauma\"><span class=\"wp-block-navigation-item__label\">Inicio<\/span><\/a><\/li><li class=\"has-small-font-size wp-block-navigation-item wp-block-navigation-link\"><a class=\"wp-block-navigation-item__content\"  href=\"https:\/\/artrotrauma.com\/?page_id=186\"><span class=\"wp-block-navigation-item__label\">Nosotros<\/span><\/a><\/li><li class=\"has-small-font-size wp-block-navigation-item wp-block-navigation-link\"><a class=\"wp-block-navigation-item__content\"  href=\"https:\/\/artrotrauma.com\/?page_id=189\"><span class=\"wp-block-navigation-item__label\">Sevicios<\/span><\/a><\/li><li data-wp-context=\"{ &quot;submenuOpenedBy&quot;: { &quot;click&quot;: false, &quot;hover&quot;: false, &quot;focus&quot;: false }, &quot;type&quot;: &quot;submenu&quot;, &quot;modal&quot;: null, &quot;previousFocus&quot;: null }\" data-wp-interactive=\"core\/navigation\" data-wp-on--focusout=\"actions.handleMenuFocusout\" data-wp-on--keydown=\"actions.handleMenuKeydown\" data-wp-on--mouseenter=\"actions.openMenuOnHover\" data-wp-on--mouseleave=\"actions.closeMenuOnHover\" data-wp-watch=\"callbacks.initMenu\" tabindex=\"-1\" class=\"wp-block-navigation-item has-small-font-size has-child open-on-hover-click wp-block-navigation-submenu\"><a class=\"wp-block-navigation-item__content\" href=\"https:\/\/artrotrauma.com\/?page_id=190\"><span class=\"wp-block-navigation-item__label\">Conoce mas<\/span><\/a><button data-wp-bind--aria-expanded=\"state.isMenuOpen\" data-wp-on--click=\"actions.toggleMenuOnClick\" aria-label=\"Conoce mas submenu\" class=\"wp-block-navigation__submenu-icon wp-block-navigation-submenu__toggle\" ><svg xmlns=\"http:\/\/www.w3.org\/2000\/svg\" width=\"12\" height=\"12\" viewBox=\"0 0 12 12\" fill=\"none\" aria-hidden=\"true\" focusable=\"false\"><path d=\"M1.50002 4L6.00002 8L10.5 4\" stroke-width=\"1.5\"><\/path><\/svg><\/button><ul data-wp-on--focus=\"actions.openMenuOnFocus\" class=\"wp-block-navigation__submenu-container wp-block-navigation-submenu\"><li class=\"has-small-font-size wp-block-navigation-item wp-block-navigation-link\"><a class=\"wp-block-navigation-item__content\"  href=\"https:\/\/artrotrauma.com\/?page_id=130\"><span class=\"wp-block-navigation-item__label\">Artroscopia<\/span><\/a><\/li><li class=\"has-small-font-size wp-block-navigation-item wp-block-navigation-link\"><a class=\"wp-block-navigation-item__content\"  href=\"https:\/\/artrotrauma.com\/?page_id=107\"><span class=\"wp-block-navigation-item__label\">Manejo de Dolor Cronico<\/span><\/a><\/li><li class=\"has-small-font-size wp-block-navigation-item wp-block-navigation-link\"><a class=\"wp-block-navigation-item__content\"  href=\"https:\/\/artrotrauma.com\/?page_id=143\"><span class=\"wp-block-navigation-item__label\"><strong>COOLIEF* DE RODILLA<\/strong><\/span><\/a><\/li><\/ul><\/li><li class=\"has-small-font-size wp-block-navigation-item wp-block-navigation-link\"><a class=\"wp-block-navigation-item__content\"  href=\"https:\/\/artrotrauma.com\/?page_id=191\"><span class=\"wp-block-navigation-item__label\">Contacto<\/span><\/a><\/li><li class=\"has-small-font-size wp-block-navigation-item wp-block-navigation-link\"><a class=\"wp-block-navigation-item__content\"  href=\"https:\/\/artrotrauma.com\/?page_id=286\"><span class=\"wp-block-navigation-item__label\">Que es COOLIEF* para dolor ?<\/span><\/a><\/li><\/ul><\/nav>\n\n\n<div style=\"height:24px\" aria-hidden=\"true\" class=\"wp-block-spacer\"><\/div>\n<\/div>\n\n\n\n<div class=\"wp-block-column is-layout-flow wp-block-column-is-layout-flow\">\n<p class=\"has-text-align-center\">Ubicaci\u00f3n<\/p>\n\n\n\n<p>2023 Av. De las Am\u00e9ricas 201-205, Col. Margaritas Cd. Ju\u00e1rez, Chihuahua M\u00e9xico<\/p>\n\n\n\n<p>+52 (656) 611 1022<\/p>\n\n\n\n<p>+52 (656) 826 2551<\/p>\n\n\n\n<p class=\"has-text-align-center\">Horarios de atenci\u00f3n<\/p>\n\n\n\n<p>Lunes a Viernes 11:00 a 14:00 hrs<\/p>\n\n\n\n<p>Martes y Jueves 17:00 a 19:00 hrs<\/p>\n\n\n\n<div style=\"height:24px\" aria-hidden=\"true\" class=\"wp-block-spacer\"><\/div>\n<\/div>\n\n\n\n<div class=\"wp-block-column is-layout-flow wp-block-column-is-layout-flow\">\n<p class=\"has-text-align-center\">S\u00edguenos<\/p>\n\n\n\n<div class=\"wp-block-group is-vertical is-content-justification-center is-layout-flex wp-container-core-group-is-layout-bdd043ae wp-block-group-is-layout-flex\">\n<p><a href=\"#\">Facebook<\/a><\/p>\n\n\n\n<p><a href=\"#\">Instagram<\/a><\/p>\n\n\n\n<p><a href=\"#\">Twitter<\/a><\/p>\n<\/div>\n\n\n\n<div style=\"height:24px\" aria-hidden=\"true\" class=\"wp-block-spacer\"><\/div>\n<\/div>\n<\/div>\n\n\n\n<div class=\"wp-block-group alignwide is-content-justification-center is-layout-flex wp-container-core-group-is-layout-5590e8cb wp-block-group-is-layout-flex\">\n<p class=\"has-text-align-center has-small-font-size\"> Proudly powered by <a rel=\"nofollow\" href=\"https:\/\/wordpress.org\">WordPress<\/a> <\/p>\n<\/div>\n<\/div>\n\n\n\n<p><\/p>\n","protected":false},"excerpt":{"rendered":"<p>Acerca de nosotros Comprometidos manejo integral ortop\u00e9dico con altos est\u00e1ndares en t\u00e9cnicas y tecnolog\u00eda de vanguardia que garantice la seguridad y alivio de nuestros pacientes. Somos un centro de referencia con m\u00e1s de 10 a\u00f1os de experiencia en atenci\u00f3n en ortopedia y traumatolog\u00eda, con cirug\u00edas de m\u00ednima invasi\u00f3n para atenci\u00f3n de lesiones deportivas, traum\u00e1ticas y &#8230; <a title=\"\" class=\"read-more\" href=\"https:\/\/artrotrauma.com\/\" aria-label=\"More on \">Read more<\/a><\/p>\n","protected":false},"author":1,"featured_media":0,"parent":0,"menu_order":0,"comment_status":"closed","ping_status":"closed","template":"","meta":{"footnotes":""},"class_list":["post-119","page","type-page","status-publish"],"_links":{"self":[{"href":"https:\/\/artrotrauma.com\/index.php?rest_route=\/wp\/v2\/pages\/119","targetHints":{"allow":["GET"]}}],"collection":[{"href":"https:\/\/artrotrauma.com\/index.php?rest_route=\/wp\/v2\/pages"}],"about":[{"href":"https:\/\/artrotrauma.com\/index.php?rest_route=\/wp\/v2\/types\/page"}],"author":[{"embeddable":true,"href":"https:\/\/artrotrauma.com\/index.php?rest_route=\/wp\/v2\/users\/1"}],"replies":[{"embeddable":true,"href":"https:\/\/artrotrauma.com\/index.php?rest_route=%2Fwp%2Fv2%2Fcomments&post=119"}],"version-history":[{"count":45,"href":"https:\/\/artrotrauma.com\/index.php?rest_route=\/wp\/v2\/pages\/119\/revisions"}],"predecessor-version":[{"id":481,"href":"https:\/\/artrotrauma.com\/index.php?rest_route=\/wp\/v2\/pages\/119\/revisions\/481"}],"wp:attachment":[{"href":"https:\/\/artrotrauma.com\/index.php?rest_route=%2Fwp%2Fv2%2Fmedia&parent=119"}],"curies":[{"name":"wp","href":"https:\/\/api.w.org\/{rel}","templated":true}]}}