{"id":130,"date":"2022-06-11T19:27:47","date_gmt":"2022-06-11T19:27:47","guid":{"rendered":"https:\/\/artrotrauma.com\/?page_id=130"},"modified":"2022-06-11T19:27:47","modified_gmt":"2022-06-11T19:27:47","slug":"artroscopia","status":"publish","type":"page","link":"https:\/\/artrotrauma.com\/?page_id=130","title":{"rendered":"Artroscopia"},"content":{"rendered":"\n<p>Artroscopia es una cirug\u00eda com\u00fan en Ortopedia, en donde se introduce a trav\u00e9s de una lente muy delgada una c\u00e1mara en una articulaci\u00f3n, permite al medico especialista obtener una imagen clara y un diagnostico mas preciso con un procedimiento de menor invasi\u00f3n. <\/p>\n\n\n\n<figure class=\"wp-block-gallery has-nested-images columns-default is-cropped wp-block-gallery-1 is-layout-flex wp-block-gallery-is-layout-flex\">\n<figure class=\"wp-block-image size-large\"><img data-opt-id=482633174  fetchpriority=\"high\" decoding=\"async\" width=\"1280\" height=\"1280\" data-id=\"15\" src=\"https:\/\/mloqo7naqml6.i.optimole.com\/w:auto\/h:auto\/q:mauto\/f:best\/https:\/\/artrotrauma.com\/wp-content\/uploads\/2022\/06\/image-4.jpg\" alt=\"\" class=\"wp-image-15\" srcset=\"https:\/\/mloqo7naqml6.i.optimole.com\/w:1080\/h:1080\/q:mauto\/f:best\/https:\/\/artrotrauma.com\/wp-content\/uploads\/2022\/06\/image-4.jpg 1280w, https:\/\/mloqo7naqml6.i.optimole.com\/w:300\/h:300\/q:mauto\/f:best\/https:\/\/artrotrauma.com\/wp-content\/uploads\/2022\/06\/image-4.jpg 300w, https:\/\/mloqo7naqml6.i.optimole.com\/w:1024\/h:1024\/q:mauto\/f:best\/https:\/\/artrotrauma.com\/wp-content\/uploads\/2022\/06\/image-4.jpg 1024w, https:\/\/mloqo7naqml6.i.optimole.com\/w:150\/h:1080\/q:mauto\/f:best\/https:\/\/artrotrauma.com\/wp-content\/uploads\/2022\/06\/image-4.jpg 150w, https:\/\/mloqo7naqml6.i.optimole.com\/w:768\/h:768\/q:mauto\/f:best\/https:\/\/artrotrauma.com\/wp-content\/uploads\/2022\/06\/image-4.jpg 768w\" sizes=\"(max-width: 1200px) 100vw, 1200px\" \/><\/figure>\n\n\n\n<figure class=\"wp-block-image size-large\"><img data-opt-id=767613643  fetchpriority=\"high\" decoding=\"async\" width=\"2224\" height=\"1516\" data-id=\"79\" src=\"https:\/\/mloqo7naqml6.i.optimole.com\/w:auto\/h:auto\/q:mauto\/f:best\/https:\/\/artrotrauma.com\/wp-content\/uploads\/2022\/06\/69F2B6A0-811D-4B07-833F-684997414BB8.jpeg\" alt=\"\" class=\"wp-image-79\" srcset=\"https:\/\/mloqo7naqml6.i.optimole.com\/w:1584\/h:1080\/q:mauto\/f:best\/https:\/\/artrotrauma.com\/wp-content\/uploads\/2022\/06\/69F2B6A0-811D-4B07-833F-684997414BB8.jpeg 2224w, https:\/\/mloqo7naqml6.i.optimole.com\/w:300\/h:204\/q:mauto\/f:best\/https:\/\/artrotrauma.com\/wp-content\/uploads\/2022\/06\/69F2B6A0-811D-4B07-833F-684997414BB8.jpeg 300w, https:\/\/mloqo7naqml6.i.optimole.com\/w:1024\/h:698\/q:mauto\/f:best\/https:\/\/artrotrauma.com\/wp-content\/uploads\/2022\/06\/69F2B6A0-811D-4B07-833F-684997414BB8.jpeg 1024w, https:\/\/mloqo7naqml6.i.optimole.com\/w:768\/h:524\/q:mauto\/f:best\/https:\/\/artrotrauma.com\/wp-content\/uploads\/2022\/06\/69F2B6A0-811D-4B07-833F-684997414BB8.jpeg 768w, https:\/\/mloqo7naqml6.i.optimole.com\/w:1536\/h:1047\/q:mauto\/f:best\/https:\/\/artrotrauma.com\/wp-content\/uploads\/2022\/06\/69F2B6A0-811D-4B07-833F-684997414BB8.jpeg 1536w, https:\/\/mloqo7naqml6.i.optimole.com\/w:1584\/h:1080\/q:mauto\/f:best\/https:\/\/artrotrauma.com\/wp-content\/uploads\/2022\/06\/69F2B6A0-811D-4B07-833F-684997414BB8.jpeg 2048w, https:\/\/mloqo7naqml6.i.optimole.com\/w:1200\/h:818\/q:mauto\/f:best\/https:\/\/artrotrauma.com\/wp-content\/uploads\/2022\/06\/69F2B6A0-811D-4B07-833F-684997414BB8.jpeg 1200w, https:\/\/mloqo7naqml6.i.optimole.com\/w:1584\/h:1080\/q:mauto\/f:best\/https:\/\/artrotrauma.com\/wp-content\/uploads\/2022\/06\/69F2B6A0-811D-4B07-833F-684997414BB8.jpeg 1980w\" sizes=\"(max-width: 1200px) 100vw, 1200px\" \/><\/figure>\n<\/figure>\n\n\n\n<p>Ayuda a diagnosticar y realizar tratamiento en articulaciones como; Hombro, Rodilla, Cadera, Tobillo y Codo. Tratar enfermedades y lesiones deportivas y traum\u00e1ticas, como:<\/p>\n\n\n\n<ul class=\"wp-block-list\"><li>Desgarro o Ruptura de Menisco <\/li><li>Lesi\u00f3n o Ruptura de Ligamento Cruzado Anterior (ACL)<\/li><li>Desgarro o Ruptura de Manguito Rotador<\/li><li>Luxaci\u00f3n o inestabilidad de hombro, con lesion de labrum <\/li><li>Pinzamiento de hombro, cadera. <\/li><\/ul>\n\n\n\n<p>Se realiza habitualmente con anestesia regional, a trav\u00e9s de incisiones peque\u00f1as. El Cirujano ortop\u00e9dico introduce una lente a una articulaci\u00f3n y esta se conecta a una c\u00e1mara de alta definici\u00f3n que amplifica y permite ver im\u00e1genes en vivo con gran detalle, permite palpar y mover tejidos, evaluando su consistencia.<\/p>\n\n\n\n<p>Resulta en menor dolor para el paciente, aminorando el tiempo de recuperaci\u00f3n para retornar a sus actividades cotidianas y\/o deportivas. <\/p>\n\n\n\n<p>Deber\u00e1 completar una evaluaci\u00f3n previa si desea una cirug\u00eda por artroscopia, con revisi\u00f3n f\u00edsica y de estudios como radiograf\u00edas, sonogramas o resonancia del sitio lesionado. Su medico aconsejara e identificara los potenciales problemas que puedan interferir con su evoluci\u00f3n, as\u00ed como cuales ser\u00e1n las expectativas reales de su procedimiento. <\/p>\n\n\n\n<p>La mayor\u00eda de los procedimientos por artroscopia pueden realizarse ambulatorios, sin necesidad de permanecer en hospital una vez que se observa que es seguro ir a casa. <\/p>\n\n\n\n<div data-wp-interactive=\"core\/file\" class=\"wp-block-file\"><object data-wp-bind--hidden=\"!state.hasPdfPreview\" hidden class=\"wp-block-file__embed\" data=\"https:\/\/artrotrauma.com\/wp-content\/uploads\/2022\/06\/Arthroscopy.pdf\" type=\"application\/pdf\" style=\"width:100%;height:600px\" aria-label=\"Embed of Embed of Arthroscopy..\"><\/object><a id=\"wp-block-file--media-04e26792-90bd-4e16-9dc9-52a26189cd03\" href=\"https:\/\/artrotrauma.com\/wp-content\/uploads\/2022\/06\/Arthroscopy.pdf\">Arthroscopy<\/a><a href=\"https:\/\/artrotrauma.com\/wp-content\/uploads\/2022\/06\/Arthroscopy.pdf\" class=\"wp-block-file__button\" download aria-describedby=\"wp-block-file--media-04e26792-90bd-4e16-9dc9-52a26189cd03\">Download<\/a><\/div>\n","protected":false},"excerpt":{"rendered":"<p>Artroscopia es una cirug\u00eda com\u00fan en Ortopedia, en donde se introduce a trav\u00e9s de una lente muy delgada una c\u00e1mara en una articulaci\u00f3n, permite al medico especialista obtener una imagen clara y un diagnostico mas preciso con un procedimiento de menor invasi\u00f3n. Ayuda a diagnosticar y realizar tratamiento en articulaciones como; Hombro, Rodilla, Cadera, Tobillo &#8230; <a title=\"Artroscopia\" class=\"read-more\" href=\"https:\/\/artrotrauma.com\/?page_id=130\" aria-label=\"More on Artroscopia\">Read more<\/a><\/p>\n","protected":false},"author":1,"featured_media":0,"parent":0,"menu_order":0,"comment_status":"closed","ping_status":"closed","template":"","meta":{"footnotes":""},"class_list":["post-130","page","type-page","status-publish"],"_links":{"self":[{"href":"https:\/\/artrotrauma.com\/index.php?rest_route=\/wp\/v2\/pages\/130","targetHints":{"allow":["GET"]}}],"collection":[{"href":"https:\/\/artrotrauma.com\/index.php?rest_route=\/wp\/v2\/pages"}],"about":[{"href":"https:\/\/artrotrauma.com\/index.php?rest_route=\/wp\/v2\/types\/page"}],"author":[{"embeddable":true,"href":"https:\/\/artrotrauma.com\/index.php?rest_route=\/wp\/v2\/users\/1"}],"replies":[{"embeddable":true,"href":"https:\/\/artrotrauma.com\/index.php?rest_route=%2Fwp%2Fv2%2Fcomments&post=130"}],"version-history":[{"count":6,"href":"https:\/\/artrotrauma.com\/index.php?rest_route=\/wp\/v2\/pages\/130\/revisions"}],"predecessor-version":[{"id":137,"href":"https:\/\/artrotrauma.com\/index.php?rest_route=\/wp\/v2\/pages\/130\/revisions\/137"}],"wp:attachment":[{"href":"https:\/\/artrotrauma.com\/index.php?rest_route=%2Fwp%2Fv2%2Fmedia&parent=130"}],"curies":[{"name":"wp","href":"https:\/\/api.w.org\/{rel}","templated":true}]}}