{"id":143,"date":"2022-10-10T01:08:16","date_gmt":"2022-10-10T01:08:16","guid":{"rendered":"https:\/\/artrotrauma.com\/?page_id=143"},"modified":"2023-09-01T04:16:05","modified_gmt":"2023-09-01T04:16:05","slug":"coolief-de-rodilla","status":"publish","type":"page","link":"https:\/\/artrotrauma.com\/?page_id=143","title":{"rendered":"<strong>COOLIEF* DE RODILLA<\/strong>"},"content":{"rendered":"\n<p>Puede que hayas iniciado con dolor que encuentra alivio temporal con ejercicios y\/o anti inflamatorios comunes, mas cuando tu dolor te ha llevado a buscar m\u00e9todos mas invasivos como inyecciones de cortisona o uso de opioides o analg\u00e9sicos m\u00e1s complejos, puede ser el momento de pensar en COOLIEF*&nbsp;<\/p>\n\n\n<div class=\"wp-block-image\">\n<figure class=\"alignleft\"><img data-opt-id=543482241  fetchpriority=\"high\" decoding=\"async\" width=\"409\" height=\"434\" src=\"https:\/\/mloqo7naqml6.i.optimole.com\/w:auto\/h:auto\/q:mauto\/f:best\/https:\/\/artrotrauma.com\/wp-content\/uploads\/2023\/08\/Knee-image.png.webp\" alt=\"\" class=\"wp-image-258\" srcset=\"https:\/\/mloqo7naqml6.i.optimole.com\/w:409\/h:434\/q:mauto\/f:best\/https:\/\/artrotrauma.com\/wp-content\/uploads\/2023\/08\/Knee-image.png.webp 409w, https:\/\/mloqo7naqml6.i.optimole.com\/w:283\/h:300\/q:mauto\/f:best\/https:\/\/artrotrauma.com\/wp-content\/uploads\/2023\/08\/Knee-image.png.webp 283w\" sizes=\"(max-width: 409px) 100vw, 409px\" \/><\/figure>\n<\/div>\n\n\n<p>COOLIEF* ayuda al Dolor por osteoartrosis de rodilla que puede ir de moderado a severo, que se extiende por mas de 3 meses. Alternativa eficiente en pacientes con un desgaste de rodilla moderado y\/o que aun no califican por edad para un remplazo de rodilla o no deseas pr\u00f3tesis de rodilla.<\/p>\n\n\n\n<p>COOLIEF* es un m\u00e9todo de m\u00ednima invasion que se enfoca en los nervios que transmiten el dolor en la rodilla.&nbsp;<\/p>\n\n\n\n<p>Provee una acci\u00f3n ionica termica para modular y disminuir la transmisi\u00f3n de impulsos dolorosos de los nervios GENICULADOS de la rodilla.&nbsp;<\/p>\n\n\n\n<p>&nbsp;El generador COOLIEF* transmite una energ\u00eda t\u00e9rmica a trav\u00e9s de un electrodo enfriado a base de agua, para desactivar nervios sensitivos por periodos de dos o mas a\u00f1os.&nbsp;&nbsp;Disminuyendo o retirando efectivamente el uso de analg\u00e9sicos opiaceos o narcoticos.&nbsp;<\/p>\n\n\n<div class=\"wp-block-image\">\n<figure class=\"alignright size-large is-resized\"><img data-opt-id=1543055058  fetchpriority=\"high\" decoding=\"async\" src=\"https:\/\/mloqo7naqml6.i.optimole.com\/w:1024\/h:1011\/q:mauto\/f:best\/https:\/\/artrotrauma.com\/wp-content\/uploads\/2023\/09\/Screenshot-2023-08-31-at-10.14.38 p.m.png\" alt=\"\" class=\"wp-image-485\" style=\"width:345px;height:341px\" width=\"345\" height=\"341\" srcset=\"https:\/\/mloqo7naqml6.i.optimole.com\/w:1024\/h:1011\/q:mauto\/f:best\/https:\/\/artrotrauma.com\/wp-content\/uploads\/2023\/09\/Screenshot-2023-08-31-at-10.14.38\u202fp.m.png 1024w, https:\/\/mloqo7naqml6.i.optimole.com\/w:300\/h:296\/q:mauto\/f:best\/https:\/\/artrotrauma.com\/wp-content\/uploads\/2023\/09\/Screenshot-2023-08-31-at-10.14.38\u202fp.m.png 300w, https:\/\/mloqo7naqml6.i.optimole.com\/w:768\/h:758\/q:mauto\/f:best\/https:\/\/artrotrauma.com\/wp-content\/uploads\/2023\/09\/Screenshot-2023-08-31-at-10.14.38\u202fp.m.png 768w, https:\/\/mloqo7naqml6.i.optimole.com\/w:1094\/h:1080\/q:mauto\/f:best\/https:\/\/artrotrauma.com\/wp-content\/uploads\/2023\/09\/Screenshot-2023-08-31-at-10.14.38\u202fp.m.png 1240w\" sizes=\"(max-width: 345px) 100vw, 345px\" \/><\/figure>\n<\/div>\n\n\n<p><strong>7 maneras que COOLIEF* te puede ayudar.&nbsp;<\/strong><\/p>\n\n\n\n<ol class=\"wp-block-list\">\n<li>Reducci\u00f3n dram\u00e1tica del dolor mas de 80%<\/li>\n\n\n\n<li>Disminuye el dolor por mas de 2 a\u00f1os<\/li>\n\n\n\n<li>Mejora tu movilidad&nbsp;<\/li>\n\n\n\n<li>Tiempo corto de recuperaci\u00f3n de 2 a 3 semanas<\/li>\n\n\n\n<li>Retira medicamentos opioides&nbsp;<\/li>\n\n\n\n<li>Procedimiento ambulatorio con sedaci\u00f3n leve<\/li>\n\n\n\n<li>Sin incisiones o bistur\u00ed, con anestesia local guiado por sonograma o rayos X<\/li>\n<\/ol>\n\n\n\n<p>Consigue una cita para valorar si eres un buen candidato para este procedimiento.&nbsp;<\/p>\n\n\n\n<p>Saber mas.<\/p>\n\n\n\n<p><a href=\"https:\/\/www.mycoolief.com\/reviews-and-testimonials\/#tv-commercial\">https:\/\/www.mycoolief.com\/reviews-and-testimonials\/#tv-commercial<\/a><\/p>\n\n\n\n<div class=\"wp-block-group alignfull has-background-color has-white-color has-black-background-color has-text-color has-background has-link-color wp-elements-2d02e6000e7b4a9c8edaeacaefa21bcb is-vertical is-content-justification-stretch is-layout-flex wp-container-core-group-is-layout-47eb2bc5 wp-block-group-is-layout-flex\" style=\"min-height:40vh;margin-top:0;margin-bottom:0;padding-top:var(--wp--preset--spacing--60);padding-right:var(--wp--preset--spacing--40);padding-bottom:var(--wp--preset--spacing--60);padding-left:var(--wp--preset--spacing--40)\">\n<div class=\"wp-block-columns alignwide has-small-font-size is-layout-flex wp-container-core-columns-is-layout-9d6595d7 wp-block-columns-is-layout-flex\">\n<div class=\"wp-block-column is-layout-flow wp-block-column-is-layout-flow\">\n<p class=\"has-text-align-center\">Pages<\/p>\n\n\n<nav class=\"has-small-font-size items-justified-center is-vertical no-wrap wp-block-navigation is-content-justification-center is-nowrap is-layout-flex wp-container-core-navigation-is-layout-685400d0 wp-block-navigation-is-layout-flex\" aria-label=\"Primary\"><ul class=\"wp-block-navigation__container has-small-font-size items-justified-center is-vertical no-wrap wp-block-navigation has-small-font-size\"><li class=\"has-small-font-size wp-block-navigation-item wp-block-navigation-link\"><a class=\"wp-block-navigation-item__content\"  href=\"https:\/\/artrotrauma.com\/artrotrauma\"><span class=\"wp-block-navigation-item__label\">Inicio<\/span><\/a><\/li><li class=\"has-small-font-size wp-block-navigation-item wp-block-navigation-link\"><a class=\"wp-block-navigation-item__content\"  href=\"https:\/\/artrotrauma.com\/?page_id=186\"><span class=\"wp-block-navigation-item__label\">Nosotros<\/span><\/a><\/li><li class=\"has-small-font-size wp-block-navigation-item wp-block-navigation-link\"><a class=\"wp-block-navigation-item__content\"  href=\"https:\/\/artrotrauma.com\/?page_id=189\"><span class=\"wp-block-navigation-item__label\">Sevicios<\/span><\/a><\/li><li data-wp-context=\"{ &quot;submenuOpenedBy&quot;: { &quot;click&quot;: false, &quot;hover&quot;: false, &quot;focus&quot;: false }, &quot;type&quot;: &quot;submenu&quot;, &quot;modal&quot;: null, &quot;previousFocus&quot;: null }\" data-wp-interactive=\"core\/navigation\" data-wp-on--focusout=\"actions.handleMenuFocusout\" data-wp-on--keydown=\"actions.handleMenuKeydown\" data-wp-on--mouseenter=\"actions.openMenuOnHover\" data-wp-on--mouseleave=\"actions.closeMenuOnHover\" data-wp-watch=\"callbacks.initMenu\" tabindex=\"-1\" class=\"wp-block-navigation-item has-small-font-size has-child open-on-hover-click wp-block-navigation-submenu\"><a class=\"wp-block-navigation-item__content\" href=\"https:\/\/artrotrauma.com\/?page_id=190\"><span class=\"wp-block-navigation-item__label\">Conoce mas<\/span><\/a><button data-wp-bind--aria-expanded=\"state.isMenuOpen\" data-wp-on--click=\"actions.toggleMenuOnClick\" aria-label=\"Conoce mas submenu\" class=\"wp-block-navigation__submenu-icon wp-block-navigation-submenu__toggle\" ><svg xmlns=\"http:\/\/www.w3.org\/2000\/svg\" width=\"12\" height=\"12\" viewBox=\"0 0 12 12\" fill=\"none\" aria-hidden=\"true\" focusable=\"false\"><path d=\"M1.50002 4L6.00002 8L10.5 4\" stroke-width=\"1.5\"><\/path><\/svg><\/button><ul data-wp-on--focus=\"actions.openMenuOnFocus\" class=\"wp-block-navigation__submenu-container wp-block-navigation-submenu\"><li class=\"has-small-font-size wp-block-navigation-item wp-block-navigation-link\"><a class=\"wp-block-navigation-item__content\"  href=\"https:\/\/artrotrauma.com\/?page_id=130\"><span class=\"wp-block-navigation-item__label\">Artroscopia<\/span><\/a><\/li><li class=\"has-small-font-size wp-block-navigation-item wp-block-navigation-link\"><a class=\"wp-block-navigation-item__content\"  href=\"https:\/\/artrotrauma.com\/?page_id=107\"><span class=\"wp-block-navigation-item__label\">Manejo de Dolor Cronico<\/span><\/a><\/li><li class=\"has-small-font-size wp-block-navigation-item wp-block-navigation-link\"><a class=\"wp-block-navigation-item__content\"  href=\"https:\/\/artrotrauma.com\/?page_id=143\"><span class=\"wp-block-navigation-item__label\"><strong>COOLIEF* DE RODILLA<\/strong><\/span><\/a><\/li><\/ul><\/li><li class=\"has-small-font-size wp-block-navigation-item wp-block-navigation-link\"><a class=\"wp-block-navigation-item__content\"  href=\"https:\/\/artrotrauma.com\/?page_id=191\"><span class=\"wp-block-navigation-item__label\">Contacto<\/span><\/a><\/li><li class=\"has-small-font-size wp-block-navigation-item wp-block-navigation-link\"><a class=\"wp-block-navigation-item__content\"  href=\"https:\/\/artrotrauma.com\/?page_id=286\"><span class=\"wp-block-navigation-item__label\">Que es COOLIEF* para dolor ?<\/span><\/a><\/li><\/ul><\/nav>\n\n\n<div style=\"height:24px\" aria-hidden=\"true\" class=\"wp-block-spacer\"><\/div>\n<\/div>\n\n\n\n<div class=\"wp-block-column is-layout-flow wp-block-column-is-layout-flow\">\n<p class=\"has-text-align-center\"><strong>Ubicaci\u00f3n<\/strong><\/p>\n\n\n\n<p class=\"has-text-align-center\">2023 Av. De las Am\u00e9ricas 201-205, Col. Margaritas Cd. Ju\u00e1rez, Chihuahua M\u00e9xico <\/p>\n\n\n\n<p>+52 (656) 611 1022<\/p>\n\n\n\n<p>+52 (656) 826 2551<\/p>\n\n\n\n<p class=\"has-text-align-center\"><strong>Horarios de atenci\u00f3n <\/strong><\/p>\n\n\n\n<p>Lunes a Viernes 11:00 a 14:00 hrs<\/p>\n\n\n\n<p>Martes y Jueves 17:00 a 19:00 hrs<\/p>\n\n\n\n<div style=\"height:24px\" aria-hidden=\"true\" class=\"wp-block-spacer\"><\/div>\n<\/div>\n\n\n\n<div class=\"wp-block-column is-layout-flow wp-block-column-is-layout-flow\">\n<p class=\"has-text-align-center\">Follow us<\/p>\n\n\n\n<div class=\"wp-block-group is-vertical is-content-justification-center is-layout-flex wp-container-core-group-is-layout-bdd043ae wp-block-group-is-layout-flex\">\n<p><a href=\"#\">Facebook<\/a><\/p>\n\n\n\n<p><a href=\"#\">Instagram<\/a><\/p>\n\n\n\n<p><a href=\"#\">Twitter<\/a><\/p>\n<\/div>\n\n\n\n<div style=\"height:24px\" aria-hidden=\"true\" class=\"wp-block-spacer\"><\/div>\n<\/div>\n<\/div>\n\n\n\n<div class=\"wp-block-group alignwide is-content-justification-center is-layout-flex wp-container-core-group-is-layout-5590e8cb wp-block-group-is-layout-flex\">\n<p class=\"has-text-align-center has-small-font-size\"> Proudly powered by <a rel=\"nofollow\" href=\"https:\/\/wordpress.org\">WordPress<\/a> <\/p>\n<\/div>\n<\/div>\n","protected":false},"excerpt":{"rendered":"<p>Puede que hayas iniciado con dolor que encuentra alivio temporal con ejercicios y\/o anti inflamatorios comunes, mas cuando tu dolor te ha llevado a buscar m\u00e9todos mas invasivos como inyecciones de cortisona o uso de opioides o analg\u00e9sicos m\u00e1s complejos, puede ser el momento de pensar en COOLIEF*&nbsp; COOLIEF* ayuda al Dolor por osteoartrosis de &#8230; <a title=\"COOLIEF* DE RODILLA\" class=\"read-more\" href=\"https:\/\/artrotrauma.com\/?page_id=143\" aria-label=\"More on COOLIEF* DE RODILLA\">Read more<\/a><\/p>\n","protected":false},"author":1,"featured_media":0,"parent":0,"menu_order":0,"comment_status":"closed","ping_status":"closed","template":"","meta":{"footnotes":""},"class_list":["post-143","page","type-page","status-publish"],"_links":{"self":[{"href":"https:\/\/artrotrauma.com\/index.php?rest_route=\/wp\/v2\/pages\/143","targetHints":{"allow":["GET"]}}],"collection":[{"href":"https:\/\/artrotrauma.com\/index.php?rest_route=\/wp\/v2\/pages"}],"about":[{"href":"https:\/\/artrotrauma.com\/index.php?rest_route=\/wp\/v2\/types\/page"}],"author":[{"embeddable":true,"href":"https:\/\/artrotrauma.com\/index.php?rest_route=\/wp\/v2\/users\/1"}],"replies":[{"embeddable":true,"href":"https:\/\/artrotrauma.com\/index.php?rest_route=%2Fwp%2Fv2%2Fcomments&post=143"}],"version-history":[{"count":6,"href":"https:\/\/artrotrauma.com\/index.php?rest_route=\/wp\/v2\/pages\/143\/revisions"}],"predecessor-version":[{"id":486,"href":"https:\/\/artrotrauma.com\/index.php?rest_route=\/wp\/v2\/pages\/143\/revisions\/486"}],"wp:attachment":[{"href":"https:\/\/artrotrauma.com\/index.php?rest_route=%2Fwp%2Fv2%2Fmedia&parent=143"}],"curies":[{"name":"wp","href":"https:\/\/api.w.org\/{rel}","templated":true}]}}