{"id":182,"date":"2023-05-19T01:20:03","date_gmt":"2023-05-19T01:20:03","guid":{"rendered":"https:\/\/artrotrauma.com\/?page_id=182"},"modified":"2023-08-14T16:55:32","modified_gmt":"2023-08-14T16:55:32","slug":"artrosis-patelofemoral-avanzada","status":"publish","type":"page","link":"https:\/\/artrotrauma.com\/?page_id=182","title":{"rendered":"Artrosis patelofemoral avanzada"},"content":{"rendered":"\n<div class=\"wp-block-group is-nowrap is-layout-flex wp-container-core-group-is-layout-ad2f72ca wp-block-group-is-layout-flex\">\n<figure class=\"wp-block-image size-large is-resized\"><img data-opt-id=674637809  fetchpriority=\"high\" decoding=\"async\" src=\"https:\/\/mloqo7naqml6.i.optimole.com\/w:1024\/h:1021\/q:mauto\/f:best\/https:\/\/artrotrauma.com\/wp-content\/uploads\/2023\/08\/knee-pain-running-1673977176-1.jpg\" alt=\"\" class=\"wp-image-385\" style=\"width:321px;height:320px\" width=\"321\" height=\"320\" srcset=\"https:\/\/mloqo7naqml6.i.optimole.com\/w:1024\/h:1021\/q:mauto\/f:best\/https:\/\/artrotrauma.com\/wp-content\/uploads\/2023\/08\/knee-pain-running-1673977176-1.jpg 1024w, https:\/\/mloqo7naqml6.i.optimole.com\/w:300\/h:300\/q:mauto\/f:best\/https:\/\/artrotrauma.com\/wp-content\/uploads\/2023\/08\/knee-pain-running-1673977176-1.jpg 300w, https:\/\/mloqo7naqml6.i.optimole.com\/w:150\/h:1080\/q:mauto\/f:best\/https:\/\/artrotrauma.com\/wp-content\/uploads\/2023\/08\/knee-pain-running-1673977176-1.jpg 150w, https:\/\/mloqo7naqml6.i.optimole.com\/w:768\/h:766\/q:mauto\/f:best\/https:\/\/artrotrauma.com\/wp-content\/uploads\/2023\/08\/knee-pain-running-1673977176-1.jpg 768w, https:\/\/mloqo7naqml6.i.optimole.com\/w:1082\/h:1080\/q:mauto\/f:best\/https:\/\/artrotrauma.com\/wp-content\/uploads\/2023\/08\/knee-pain-running-1673977176-1.jpg 1200w\" sizes=\"(max-width: 321px) 100vw, 321px\" \/><\/figure>\n\n\n\n<figure class=\"wp-block-image size-full\"><img data-opt-id=1409594297  fetchpriority=\"high\" decoding=\"async\" width=\"799\" height=\"400\" src=\"https:\/\/mloqo7naqml6.i.optimole.com\/w:auto\/h:auto\/q:mauto\/f:best\/https:\/\/artrotrauma.com\/wp-content\/uploads\/2023\/08\/types-of-knee-pain-you-shouldnt-ignore.jpg\" alt=\"\" class=\"wp-image-387\" srcset=\"https:\/\/mloqo7naqml6.i.optimole.com\/w:799\/h:400\/q:mauto\/f:best\/https:\/\/artrotrauma.com\/wp-content\/uploads\/2023\/08\/types-of-knee-pain-you-shouldnt-ignore.jpg 799w, https:\/\/mloqo7naqml6.i.optimole.com\/w:300\/h:150\/q:mauto\/f:best\/https:\/\/artrotrauma.com\/wp-content\/uploads\/2023\/08\/types-of-knee-pain-you-shouldnt-ignore.jpg 300w, https:\/\/mloqo7naqml6.i.optimole.com\/w:768\/h:384\/q:mauto\/f:best\/https:\/\/artrotrauma.com\/wp-content\/uploads\/2023\/08\/types-of-knee-pain-you-shouldnt-ignore.jpg 768w\" sizes=\"(max-width: 799px) 100vw, 799px\" \/><\/figure>\n<\/div>\n\n\n\n<p>La artrosis patelofemoral avanzada se refiere al desgaste y deterioro del cart\u00edlago en la articulaci\u00f3n entre la r\u00f3tula (patela) y el f\u00e9mur. El tratamiento para la artrosis patelofemoral avanzada puede incluir diferentes enfoques, dependiendo de la gravedad de los s\u00edntomas y la respuesta del paciente a las opciones de tratamiento conservadoras. A continuaci\u00f3n, se presenta un posible enfoque de tratamiento:<\/p>\n\n\n\n<p><strong><mark style=\"background-color:rgba(0, 0, 0, 0)\" class=\"has-inline-color has-accent-color\">MANEJO CONSERVADOR<\/mark><\/strong><\/p>\n\n\n\n<p>Fisioterapia: Rehabilitaci\u00f3n fisica puede ayudar para fortalecer los m\u00fasculos de la rodilla, corregir la forma de caminar, proporcionar t\u00e9cnicas o alternativas para evitar lastimarse. <\/p>\n\n\n\n<p>Cambios del Estilo de Vida: Evitar actividades que lastiman como esfuerzos doblando rodilla (escaladora, escaleras, uso de tacones, ejercicios como desplantes o Press ), mejorar la sobrecarga de peso u obesidad. Disminuci\u00f3n de factores de estr\u00e9s. Dietas nutritivas para articulaciones como Dieta estilo mediterr\u00e1neo, evitando alimentos que inflaman. <\/p>\n\n\n\n<p>Medicamentos: Uso de medicamentos para fortalecer el cart\u00edlago articular, analg\u00e9sicos y antiinflamatorios. <\/p>\n\n\n\n<p>Infiltraciones: uso de medicamentos inyectados en la articulaci\u00f3n (corticoides, acido hialuronico, plasma rico en plaquetas) puede ayudar a nutrir el cart\u00edlago, desinflamar la articulaci\u00f3n. <\/p>\n\n\n\n<p><strong><mark style=\"background-color:rgba(0, 0, 0, 0)\" class=\"has-inline-color has-accent-color\">MANEJO QUIRURGICO <\/mark><\/strong><\/p>\n\n\n\n<p>Osteotomias: consiste en cortes al hueso de forma controlada para cambiar la alineaci\u00f3n y los lugares de apoyo disminuyendo la carga. <\/p>\n\n\n\n<p>Artroscopia: Retiro de fragmentos sueltos, limpieza y suavizar la superficie del cart\u00edlago, liberar ligamentos.<\/p>\n\n\n\n<p>Remplazo de rodilla: Casos severos o refractarios a otros tratamientos, se puede considerar el uso de una pr\u00f3tesis parcial o total de la rodilla. <\/p>\n\n\n\n<p>Es importante una valoraci\u00f3n integral del paciente para considerar junto con un especialista un manejo adecuado, adaptado a las necesidades individuales. <\/p>\n\n\n\n<div class=\"wp-block-group alignfull has-background-color has-white-color has-black-background-color has-text-color has-background has-link-color wp-elements-c379a06275202836cd60769a1b159fad is-vertical is-content-justification-center is-layout-flex wp-container-core-group-is-layout-f0d97eae wp-block-group-is-layout-flex\" style=\"min-height:40vh;margin-top:0;margin-bottom:0;padding-top:var(--wp--preset--spacing--60);padding-right:var(--wp--preset--spacing--40);padding-bottom:var(--wp--preset--spacing--60);padding-left:var(--wp--preset--spacing--40)\">\n<div class=\"wp-block-columns alignwide has-small-font-size is-layout-flex wp-container-core-columns-is-layout-9d6595d7 wp-block-columns-is-layout-flex\">\n<div class=\"wp-block-column is-layout-flow wp-block-column-is-layout-flow\">\n<p class=\"has-text-align-center\">Ubicaci\u00f3n<\/p>\n\n\n\n<p class=\"has-text-align-center\">2023 Av. De las Am\u00e9ricas 201-205, Col. Margaritas Cd. Ju\u00e1rez, Chihuahua M\u00e9xico<\/p>\n\n\n\n<p class=\"has-text-align-center\">+52 (656) 611 1022<\/p>\n\n\n\n<p class=\"has-text-align-center\">+52 (656) 826 2551<\/p>\n\n\n\n<p class=\"has-text-align-center\">Horarios de atenci\u00f3n<\/p>\n\n\n\n<p class=\"has-text-align-center\">Lunes a Viernes 11:00 a 14:00 hrs<\/p>\n\n\n\n<p class=\"has-text-align-center\">Martes y Jueves 17:00 a 19:00 hrs<\/p>\n\n\n\n<div style=\"height:24px\" aria-hidden=\"true\" class=\"wp-block-spacer\"><\/div>\n<\/div>\n\n\n\n<div class=\"wp-block-column is-layout-flow wp-block-column-is-layout-flow\">\n<p class=\"has-text-align-center\">Pages<\/p>\n\n\n<nav class=\"has-small-font-size items-justified-center is-vertical no-wrap wp-block-navigation is-content-justification-center is-nowrap is-layout-flex wp-container-core-navigation-is-layout-685400d0 wp-block-navigation-is-layout-flex\" aria-label=\"Primary\"><ul class=\"wp-block-navigation__container has-small-font-size items-justified-center is-vertical no-wrap wp-block-navigation has-small-font-size\"><li class=\"has-small-font-size wp-block-navigation-item wp-block-navigation-link\"><a class=\"wp-block-navigation-item__content\"  href=\"https:\/\/artrotrauma.com\/artrotrauma\"><span class=\"wp-block-navigation-item__label\">Inicio<\/span><\/a><\/li><li class=\"has-small-font-size wp-block-navigation-item wp-block-navigation-link\"><a class=\"wp-block-navigation-item__content\"  href=\"https:\/\/artrotrauma.com\/?page_id=186\"><span class=\"wp-block-navigation-item__label\">Nosotros<\/span><\/a><\/li><li class=\"has-small-font-size wp-block-navigation-item wp-block-navigation-link\"><a class=\"wp-block-navigation-item__content\"  href=\"https:\/\/artrotrauma.com\/?page_id=189\"><span class=\"wp-block-navigation-item__label\">Sevicios<\/span><\/a><\/li><li data-wp-context=\"{ &quot;submenuOpenedBy&quot;: { &quot;click&quot;: false, &quot;hover&quot;: false, &quot;focus&quot;: false }, &quot;type&quot;: &quot;submenu&quot;, &quot;modal&quot;: null, &quot;previousFocus&quot;: null }\" data-wp-interactive=\"core\/navigation\" data-wp-on--focusout=\"actions.handleMenuFocusout\" data-wp-on--keydown=\"actions.handleMenuKeydown\" data-wp-on--mouseenter=\"actions.openMenuOnHover\" data-wp-on--mouseleave=\"actions.closeMenuOnHover\" data-wp-watch=\"callbacks.initMenu\" tabindex=\"-1\" class=\"wp-block-navigation-item has-small-font-size has-child open-on-hover-click wp-block-navigation-submenu\"><a class=\"wp-block-navigation-item__content\" href=\"https:\/\/artrotrauma.com\/?page_id=190\"><span class=\"wp-block-navigation-item__label\">Conoce mas<\/span><\/a><button data-wp-bind--aria-expanded=\"state.isMenuOpen\" data-wp-on--click=\"actions.toggleMenuOnClick\" aria-label=\"Conoce mas submenu\" class=\"wp-block-navigation__submenu-icon wp-block-navigation-submenu__toggle\" ><svg xmlns=\"http:\/\/www.w3.org\/2000\/svg\" width=\"12\" height=\"12\" viewBox=\"0 0 12 12\" fill=\"none\" aria-hidden=\"true\" focusable=\"false\"><path d=\"M1.50002 4L6.00002 8L10.5 4\" stroke-width=\"1.5\"><\/path><\/svg><\/button><ul data-wp-on--focus=\"actions.openMenuOnFocus\" class=\"wp-block-navigation__submenu-container wp-block-navigation-submenu\"><li class=\"has-small-font-size wp-block-navigation-item wp-block-navigation-link\"><a class=\"wp-block-navigation-item__content\"  href=\"https:\/\/artrotrauma.com\/?page_id=130\"><span class=\"wp-block-navigation-item__label\">Artroscopia<\/span><\/a><\/li><li class=\"has-small-font-size wp-block-navigation-item wp-block-navigation-link\"><a class=\"wp-block-navigation-item__content\"  href=\"https:\/\/artrotrauma.com\/?page_id=107\"><span class=\"wp-block-navigation-item__label\">Manejo de Dolor Cronico<\/span><\/a><\/li><li class=\"has-small-font-size wp-block-navigation-item wp-block-navigation-link\"><a class=\"wp-block-navigation-item__content\"  href=\"https:\/\/artrotrauma.com\/?page_id=143\"><span class=\"wp-block-navigation-item__label\"><strong>COOLIEF* DE RODILLA<\/strong><\/span><\/a><\/li><\/ul><\/li><li class=\"has-small-font-size wp-block-navigation-item wp-block-navigation-link\"><a class=\"wp-block-navigation-item__content\"  href=\"https:\/\/artrotrauma.com\/?page_id=191\"><span class=\"wp-block-navigation-item__label\">Contacto<\/span><\/a><\/li><li class=\"has-small-font-size wp-block-navigation-item wp-block-navigation-link\"><a class=\"wp-block-navigation-item__content\"  href=\"https:\/\/artrotrauma.com\/?page_id=286\"><span class=\"wp-block-navigation-item__label\">Que es COOLIEF* para dolor ?<\/span><\/a><\/li><\/ul><\/nav>\n\n\n<div style=\"height:24px\" aria-hidden=\"true\" class=\"wp-block-spacer\"><\/div>\n<\/div>\n\n\n\n<div class=\"wp-block-column is-layout-flow wp-block-column-is-layout-flow\">\n<p class=\"has-text-align-center\">Follow us<\/p>\n\n\n\n<div class=\"wp-block-group is-vertical is-content-justification-center is-layout-flex wp-container-core-group-is-layout-bdd043ae wp-block-group-is-layout-flex\">\n<p><a href=\"#\">Facebook<\/a><\/p>\n\n\n\n<p><a href=\"#\">Instagram<\/a><\/p>\n\n\n\n<p><a href=\"#\">Twitter<\/a><\/p>\n<\/div>\n\n\n\n<div style=\"height:24px\" aria-hidden=\"true\" class=\"wp-block-spacer\"><\/div>\n<\/div>\n<\/div>\n\n\n\n<div class=\"wp-block-group alignwide is-content-justification-center is-layout-flex wp-container-core-group-is-layout-5590e8cb wp-block-group-is-layout-flex\">\n<p class=\"has-text-align-center has-small-font-size\"> Proudly powered by <a rel=\"nofollow\" href=\"https:\/\/wordpress.org\">WordPress<\/a> <\/p>\n<\/div>\n<\/div>\n","protected":false},"excerpt":{"rendered":"<p>La artrosis patelofemoral avanzada se refiere al desgaste y deterioro del cart\u00edlago en la articulaci\u00f3n entre la r\u00f3tula (patela) y el f\u00e9mur. El tratamiento para la artrosis patelofemoral avanzada puede incluir diferentes enfoques, dependiendo de la gravedad de los s\u00edntomas y la respuesta del paciente a las opciones de tratamiento conservadoras. A continuaci\u00f3n, se presenta &#8230; <a title=\"Artrosis patelofemoral avanzada\" class=\"read-more\" href=\"https:\/\/artrotrauma.com\/?page_id=182\" aria-label=\"More on Artrosis patelofemoral avanzada\">Read more<\/a><\/p>\n","protected":false},"author":1,"featured_media":0,"parent":0,"menu_order":0,"comment_status":"closed","ping_status":"closed","template":"","meta":{"footnotes":""},"class_list":["post-182","page","type-page","status-publish"],"_links":{"self":[{"href":"https:\/\/artrotrauma.com\/index.php?rest_route=\/wp\/v2\/pages\/182","targetHints":{"allow":["GET"]}}],"collection":[{"href":"https:\/\/artrotrauma.com\/index.php?rest_route=\/wp\/v2\/pages"}],"about":[{"href":"https:\/\/artrotrauma.com\/index.php?rest_route=\/wp\/v2\/types\/page"}],"author":[{"embeddable":true,"href":"https:\/\/artrotrauma.com\/index.php?rest_route=\/wp\/v2\/users\/1"}],"replies":[{"embeddable":true,"href":"https:\/\/artrotrauma.com\/index.php?rest_route=%2Fwp%2Fv2%2Fcomments&post=182"}],"version-history":[{"count":6,"href":"https:\/\/artrotrauma.com\/index.php?rest_route=\/wp\/v2\/pages\/182\/revisions"}],"predecessor-version":[{"id":390,"href":"https:\/\/artrotrauma.com\/index.php?rest_route=\/wp\/v2\/pages\/182\/revisions\/390"}],"wp:attachment":[{"href":"https:\/\/artrotrauma.com\/index.php?rest_route=%2Fwp%2Fv2%2Fmedia&parent=182"}],"curies":[{"name":"wp","href":"https:\/\/api.w.org\/{rel}","templated":true}]}}