{"id":189,"date":"2023-05-20T20:53:10","date_gmt":"2023-05-20T20:53:10","guid":{"rendered":"https:\/\/artrotrauma.com\/?page_id=189"},"modified":"2023-05-20T23:05:40","modified_gmt":"2023-05-20T23:05:40","slug":"sevicios","status":"publish","type":"page","link":"https:\/\/artrotrauma.com\/?page_id=189","title":{"rendered":"Sevicios"},"content":{"rendered":"\n<p>Otorgamos tratamientos M\u00e9dicos, Procedimientos y Cirug\u00edas seg\u00fan el grado de afecci\u00f3n y necesidades del paciente. Contamos con:<\/p>\n\n\n\n<ul class=\"wp-block-list\">\n<li>Consulta Medica y Orientaci\u00f3n <\/li>\n\n\n\n<li>Receta Medica con Plan de Manejo, Solicitud e Interpretaci\u00f3n de Estudios M\u00e9dicos. <\/li>\n\n\n\n<li>Infiltraciones, aplicaci\u00f3n de medicamentos intralesional y\/o articular<\/li>\n\n\n\n<li>Procedimientos para Bloqueo de dolor COOLIEF<\/li>\n\n\n\n<li>Cirugia de Minima Invasion <\/li>\n\n\n\n<li>Artroscopia Hombro, Rodilla y Cadera<\/li>\n\n\n\n<li>Remplazo Articular Hombro, Rodilla y Cadera<\/li>\n\n\n\n<li>Referencia Multidisciplinaria para Atenci\u00f3n Integral<\/li>\n<\/ul>\n\n\n\n<p>Atenciones mas frecuentes de enfermedades y lesiones por accidente o deportivas<\/p>\n\n\n\n<ul class=\"wp-block-list\">\n<li>Hombro\n<ul class=\"wp-block-list\">\n<li>Desgarro de Manguito Rotador<\/li>\n\n\n\n<li>Luxacion de Hombro o Inestabilidad <\/li>\n\n\n\n<li>Bursitis, desgaste articular<\/li>\n<\/ul>\n<\/li>\n\n\n\n<li>Rodilla \n<ul class=\"wp-block-list\">\n<li>Desgarro de Menisco y ligamentos (ACL)<\/li>\n\n\n\n<li>Osteoartrosis o desgaste articular<\/li>\n\n\n\n<li>Deformidad, dolor en apoyo o marcha<\/li>\n<\/ul>\n<\/li>\n\n\n\n<li>Cadera\n<ul class=\"wp-block-list\">\n<li>Desgarro de labrum o pinzamiento <\/li>\n\n\n\n<li>Osteoartrosis o desgaste de cadera<\/li>\n<\/ul>\n<\/li>\n\n\n\n<li>Columna \n<ul class=\"wp-block-list\">\n<li>Hernia de disco lumbar<\/li>\n\n\n\n<li>Inestabilidad, lumbago, esguinces<\/li>\n<\/ul>\n<\/li>\n<\/ul>\n\n\n\n<p><\/p>\n\n\n\n<figure class=\"wp-block-gallery has-nested-images columns-default is-cropped wp-block-gallery-1 is-layout-flex wp-block-gallery-is-layout-flex\">\n<figure class=\"wp-block-image size-large\"><img data-opt-id=436906520  fetchpriority=\"high\" decoding=\"async\" width=\"1024\" height=\"698\" data-id=\"79\" src=\"https:\/\/mloqo7naqml6.i.optimole.com\/w:1024\/h:698\/q:mauto\/f:best\/https:\/\/artrotrauma.com\/wp-content\/uploads\/2022\/06\/69F2B6A0-811D-4B07-833F-684997414BB8.jpeg\" alt=\"\" class=\"wp-image-79\" srcset=\"https:\/\/mloqo7naqml6.i.optimole.com\/w:1024\/h:698\/q:mauto\/f:best\/https:\/\/artrotrauma.com\/wp-content\/uploads\/2022\/06\/69F2B6A0-811D-4B07-833F-684997414BB8.jpeg 1024w, https:\/\/mloqo7naqml6.i.optimole.com\/w:300\/h:204\/q:mauto\/f:best\/https:\/\/artrotrauma.com\/wp-content\/uploads\/2022\/06\/69F2B6A0-811D-4B07-833F-684997414BB8.jpeg 300w, https:\/\/mloqo7naqml6.i.optimole.com\/w:768\/h:524\/q:mauto\/f:best\/https:\/\/artrotrauma.com\/wp-content\/uploads\/2022\/06\/69F2B6A0-811D-4B07-833F-684997414BB8.jpeg 768w, https:\/\/mloqo7naqml6.i.optimole.com\/w:1536\/h:1047\/q:mauto\/f:best\/https:\/\/artrotrauma.com\/wp-content\/uploads\/2022\/06\/69F2B6A0-811D-4B07-833F-684997414BB8.jpeg 1536w, https:\/\/mloqo7naqml6.i.optimole.com\/w:1584\/h:1080\/q:mauto\/f:best\/https:\/\/artrotrauma.com\/wp-content\/uploads\/2022\/06\/69F2B6A0-811D-4B07-833F-684997414BB8.jpeg 2048w, https:\/\/mloqo7naqml6.i.optimole.com\/w:1200\/h:818\/q:mauto\/f:best\/https:\/\/artrotrauma.com\/wp-content\/uploads\/2022\/06\/69F2B6A0-811D-4B07-833F-684997414BB8.jpeg 1200w, https:\/\/mloqo7naqml6.i.optimole.com\/w:1584\/h:1080\/q:mauto\/f:best\/https:\/\/artrotrauma.com\/wp-content\/uploads\/2022\/06\/69F2B6A0-811D-4B07-833F-684997414BB8.jpeg 1980w\" sizes=\"(max-width: 1024px) 100vw, 1024px\" \/><figcaption class=\"wp-element-caption\">Artroscopia<\/figcaption><\/figure>\n\n\n\n<figure class=\"wp-block-image size-large\"><img data-opt-id=1813913787  fetchpriority=\"high\" decoding=\"async\" width=\"1024\" height=\"1024\" data-id=\"15\" src=\"https:\/\/mloqo7naqml6.i.optimole.com\/w:1024\/h:1024\/q:mauto\/f:best\/https:\/\/artrotrauma.com\/wp-content\/uploads\/2022\/06\/image-4.jpg\" alt=\"\" class=\"wp-image-15\" srcset=\"https:\/\/mloqo7naqml6.i.optimole.com\/w:1024\/h:1024\/q:mauto\/f:best\/https:\/\/artrotrauma.com\/wp-content\/uploads\/2022\/06\/image-4.jpg 1024w, https:\/\/mloqo7naqml6.i.optimole.com\/w:300\/h:300\/q:mauto\/f:best\/https:\/\/artrotrauma.com\/wp-content\/uploads\/2022\/06\/image-4.jpg 300w, https:\/\/mloqo7naqml6.i.optimole.com\/w:150\/h:1080\/q:mauto\/f:best\/https:\/\/artrotrauma.com\/wp-content\/uploads\/2022\/06\/image-4.jpg 150w, https:\/\/mloqo7naqml6.i.optimole.com\/w:768\/h:768\/q:mauto\/f:best\/https:\/\/artrotrauma.com\/wp-content\/uploads\/2022\/06\/image-4.jpg 768w, https:\/\/mloqo7naqml6.i.optimole.com\/w:1080\/h:1080\/q:mauto\/f:best\/https:\/\/artrotrauma.com\/wp-content\/uploads\/2022\/06\/image-4.jpg 1280w\" sizes=\"(max-width: 1024px) 100vw, 1024px\" \/><figcaption class=\"wp-element-caption\">Quirofano<\/figcaption><\/figure>\n\n\n\n<figure class=\"wp-block-image size-large\"><img data-opt-id=2002721745  fetchpriority=\"high\" decoding=\"async\" width=\"1024\" height=\"768\" data-id=\"10\" src=\"https:\/\/mloqo7naqml6.i.optimole.com\/w:auto\/h:auto\/q:mauto\/f:best\/https:\/\/artrotrauma.com\/wp-content\/uploads\/2022\/06\/image-1-1.jpg.webp\" alt=\"\" class=\"wp-image-10\" srcset=\"https:\/\/mloqo7naqml6.i.optimole.com\/w:1024\/h:768\/q:mauto\/f:best\/https:\/\/artrotrauma.com\/wp-content\/uploads\/2022\/06\/image-1-1.jpg.webp 1024w, https:\/\/mloqo7naqml6.i.optimole.com\/w:300\/h:225\/q:mauto\/f:best\/https:\/\/artrotrauma.com\/wp-content\/uploads\/2022\/06\/image-1-1.jpg.webp 300w, https:\/\/mloqo7naqml6.i.optimole.com\/w:768\/h:576\/q:mauto\/f:best\/https:\/\/artrotrauma.com\/wp-content\/uploads\/2022\/06\/image-1-1.jpg.webp 768w\" sizes=\"(max-width: 1024px) 100vw, 1024px\" \/><figcaption class=\"wp-element-caption\">Consultorio<\/figcaption><\/figure>\n\n\n\n<figure class=\"wp-block-image size-large\"><img data-opt-id=1986603032  data-opt-src=\"https:\/\/mloqo7naqml6.i.optimole.com\/w:auto\/h:auto\/q:mauto\/f:best\/https:\/\/artrotrauma.com\/wp-content\/uploads\/2022\/06\/img_0491.jpg.webp\"  decoding=\"async\" width=\"1024\" height=\"797\" data-id=\"8\" src=\"data:image/svg+xml,%3Csvg%20viewBox%3D%220%200%20100%%20100%%22%20width%3D%22100%%22%20height%3D%22100%%22%20xmlns%3D%22http%3A%2F%2Fwww.w3.org%2F2000%2Fsvg%22%3E%3Crect%20width%3D%22100%%22%20height%3D%22100%%22%20fill%3D%22transparent%22%2F%3E%3C%2Fsvg%3E\" alt=\"\" class=\"wp-image-8\" old-srcset=\"https:\/\/mloqo7naqml6.i.optimole.com\/w:1024\/h:797\/q:mauto\/f:best\/https:\/\/artrotrauma.com\/wp-content\/uploads\/2022\/06\/img_0491.jpg.webp 1024w, https:\/\/mloqo7naqml6.i.optimole.com\/w:300\/h:233\/q:mauto\/f:best\/https:\/\/artrotrauma.com\/wp-content\/uploads\/2022\/06\/img_0491.jpg.webp 300w, https:\/\/mloqo7naqml6.i.optimole.com\/w:768\/h:598\/q:mauto\/f:best\/https:\/\/artrotrauma.com\/wp-content\/uploads\/2022\/06\/img_0491.jpg.webp 768w\" \/><figcaption class=\"wp-element-caption\">Coolief<\/figcaption><\/figure>\n<\/figure>\n","protected":false},"excerpt":{"rendered":"<p>Otorgamos tratamientos M\u00e9dicos, Procedimientos y Cirug\u00edas seg\u00fan el grado de afecci\u00f3n y necesidades del paciente. Contamos con: Atenciones mas frecuentes de enfermedades y lesiones por accidente o deportivas<\/p>\n","protected":false},"author":1,"featured_media":0,"parent":0,"menu_order":0,"comment_status":"closed","ping_status":"closed","template":"","meta":{"footnotes":""},"class_list":["post-189","page","type-page","status-publish"],"_links":{"self":[{"href":"https:\/\/artrotrauma.com\/index.php?rest_route=\/wp\/v2\/pages\/189","targetHints":{"allow":["GET"]}}],"collection":[{"href":"https:\/\/artrotrauma.com\/index.php?rest_route=\/wp\/v2\/pages"}],"about":[{"href":"https:\/\/artrotrauma.com\/index.php?rest_route=\/wp\/v2\/types\/page"}],"author":[{"embeddable":true,"href":"https:\/\/artrotrauma.com\/index.php?rest_route=\/wp\/v2\/users\/1"}],"replies":[{"embeddable":true,"href":"https:\/\/artrotrauma.com\/index.php?rest_route=%2Fwp%2Fv2%2Fcomments&post=189"}],"version-history":[{"count":8,"href":"https:\/\/artrotrauma.com\/index.php?rest_route=\/wp\/v2\/pages\/189\/revisions"}],"predecessor-version":[{"id":242,"href":"https:\/\/artrotrauma.com\/index.php?rest_route=\/wp\/v2\/pages\/189\/revisions\/242"}],"wp:attachment":[{"href":"https:\/\/artrotrauma.com\/index.php?rest_route=%2Fwp%2Fv2%2Fmedia&parent=189"}],"curies":[{"name":"wp","href":"https:\/\/api.w.org\/{rel}","templated":true}]}}