{"id":190,"date":"2023-05-20T20:53:10","date_gmt":"2023-05-20T20:53:10","guid":{"rendered":"https:\/\/artrotrauma.com\/?page_id=190"},"modified":"2023-05-20T23:14:37","modified_gmt":"2023-05-20T23:14:37","slug":"recursos","status":"publish","type":"page","link":"https:\/\/artrotrauma.com\/?page_id=190","title":{"rendered":"Conoce mas"},"content":{"rendered":"\n<blockquote class=\"wp-block-quote has-text-align-right is-layout-flow wp-block-quote-is-layout-flow\">\n<p>Conoce mas sobre tu padecimiento y su manejo. <\/p>\n<cite>Artrotrauma<\/cite><\/blockquote>\n\n\n\n<p class=\"has-text-align-left\">En esta secci\u00f3n, ponemos a disposici\u00f3n recursos para educaci\u00f3n de nuestros pacientes. Ya que entendemos que el <strong>mejor entendimiento<\/strong> de su padecimiento de una manera clara, es la principal herramienta para prevenci\u00f3n y recuperaci\u00f3n de nuestros pacientes. <\/p>\n\n\n\n<p><\/p>\n","protected":false},"excerpt":{"rendered":"<p>Conoce mas sobre tu padecimiento y su manejo. Artrotrauma En esta secci\u00f3n, ponemos a disposici\u00f3n recursos para educaci\u00f3n de nuestros pacientes. Ya que entendemos que el mejor entendimiento de su padecimiento de una manera clara, es la principal herramienta para prevenci\u00f3n y recuperaci\u00f3n de nuestros pacientes.<\/p>\n","protected":false},"author":1,"featured_media":0,"parent":0,"menu_order":0,"comment_status":"closed","ping_status":"closed","template":"","meta":{"footnotes":""},"class_list":["post-190","page","type-page","status-publish"],"_links":{"self":[{"href":"https:\/\/artrotrauma.com\/index.php?rest_route=\/wp\/v2\/pages\/190","targetHints":{"allow":["GET"]}}],"collection":[{"href":"https:\/\/artrotrauma.com\/index.php?rest_route=\/wp\/v2\/pages"}],"about":[{"href":"https:\/\/artrotrauma.com\/index.php?rest_route=\/wp\/v2\/types\/page"}],"author":[{"embeddable":true,"href":"https:\/\/artrotrauma.com\/index.php?rest_route=\/wp\/v2\/users\/1"}],"replies":[{"embeddable":true,"href":"https:\/\/artrotrauma.com\/index.php?rest_route=%2Fwp%2Fv2%2Fcomments&post=190"}],"version-history":[{"count":6,"href":"https:\/\/artrotrauma.com\/index.php?rest_route=\/wp\/v2\/pages\/190\/revisions"}],"predecessor-version":[{"id":250,"href":"https:\/\/artrotrauma.com\/index.php?rest_route=\/wp\/v2\/pages\/190\/revisions\/250"}],"wp:attachment":[{"href":"https:\/\/artrotrauma.com\/index.php?rest_route=%2Fwp%2Fv2%2Fmedia&parent=190"}],"curies":[{"name":"wp","href":"https:\/\/api.w.org\/{rel}","templated":true}]}}