{"id":301,"date":"2023-08-14T18:45:00","date_gmt":"2023-08-14T18:45:00","guid":{"rendered":"https:\/\/artrotrauma.com\/?page_id=301"},"modified":"2023-08-29T00:52:24","modified_gmt":"2023-08-29T00:52:24","slug":"protesis-o-remplazo-articular-en-ortopedia","status":"publish","type":"page","link":"https:\/\/artrotrauma.com\/?page_id=301","title":{"rendered":"Pr\u00f3tesis o remplazo articular en ortopedia"},"content":{"rendered":"\n<p>Las articulaciones son las estructuras en nuestro esqueleto que nos permiten realizar movimientos, como caminar, hacer ejercicio y mover nuestros brazos y piernas. Son fundamentales para nuestra movilidad y calidad de vida, ya que nos permiten realizar actividades diarias de forma fluida y sin dolor.<\/p>\n\n\n\n<figure class=\"wp-block-gallery has-nested-images columns-default is-cropped wp-block-gallery-1 is-layout-flex wp-block-gallery-is-layout-flex\">\n<figure class=\"wp-block-image size-large is-style-rounded\"><img data-opt-id=1863149697  fetchpriority=\"high\" decoding=\"async\" width=\"1024\" height=\"576\" data-id=\"316\" src=\"https:\/\/mloqo7naqml6.i.optimole.com\/w:1024\/h:576\/q:mauto\/f:best\/https:\/\/artrotrauma.com\/wp-content\/uploads\/2023\/08\/tipos-protesis-cadera.png\" alt=\"\" class=\"wp-image-316\" srcset=\"https:\/\/mloqo7naqml6.i.optimole.com\/w:1024\/h:576\/q:mauto\/f:best\/https:\/\/artrotrauma.com\/wp-content\/uploads\/2023\/08\/tipos-protesis-cadera.png 1024w, https:\/\/mloqo7naqml6.i.optimole.com\/w:300\/h:169\/q:mauto\/f:best\/https:\/\/artrotrauma.com\/wp-content\/uploads\/2023\/08\/tipos-protesis-cadera.png 300w, https:\/\/mloqo7naqml6.i.optimole.com\/w:768\/h:432\/q:mauto\/f:best\/https:\/\/artrotrauma.com\/wp-content\/uploads\/2023\/08\/tipos-protesis-cadera.png 768w, https:\/\/mloqo7naqml6.i.optimole.com\/w:1536\/h:864\/q:mauto\/f:best\/https:\/\/artrotrauma.com\/wp-content\/uploads\/2023\/08\/tipos-protesis-cadera.png 1536w, https:\/\/mloqo7naqml6.i.optimole.com\/w:1600\/h:900\/q:mauto\/f:best\/https:\/\/artrotrauma.com\/wp-content\/uploads\/2023\/08\/tipos-protesis-cadera.png 1600w\" sizes=\"(max-width: 1024px) 100vw, 1024px\" \/><figcaption class=\"wp-element-caption\">Pr\u00f3tesis de cadera<\/figcaption><\/figure>\n\n\n\n<figure class=\"wp-block-image size-large is-style-rounded\"><img data-opt-id=1929839931  fetchpriority=\"high\" decoding=\"async\" width=\"1024\" height=\"563\" data-id=\"276\" src=\"https:\/\/mloqo7naqml6.i.optimole.com\/w:1024\/h:563\/q:mauto\/f:best\/https:\/\/artrotrauma.com\/wp-content\/uploads\/2023\/08\/WhatsApp-Image-2023-06-22-at-14.43.20.jpeg\" alt=\"\" class=\"wp-image-276\" srcset=\"https:\/\/mloqo7naqml6.i.optimole.com\/w:1024\/h:563\/q:mauto\/f:best\/https:\/\/artrotrauma.com\/wp-content\/uploads\/2023\/08\/WhatsApp-Image-2023-06-22-at-14.43.20.jpeg 1024w, https:\/\/mloqo7naqml6.i.optimole.com\/w:300\/h:165\/q:mauto\/f:best\/https:\/\/artrotrauma.com\/wp-content\/uploads\/2023\/08\/WhatsApp-Image-2023-06-22-at-14.43.20.jpeg 300w, https:\/\/mloqo7naqml6.i.optimole.com\/w:768\/h:422\/q:mauto\/f:best\/https:\/\/artrotrauma.com\/wp-content\/uploads\/2023\/08\/WhatsApp-Image-2023-06-22-at-14.43.20.jpeg 768w, https:\/\/mloqo7naqml6.i.optimole.com\/w:1234\/h:678\/q:mauto\/f:best\/https:\/\/artrotrauma.com\/wp-content\/uploads\/2023\/08\/WhatsApp-Image-2023-06-22-at-14.43.20.jpeg 1234w\" sizes=\"(max-width: 1024px) 100vw, 1024px\" \/><figcaption class=\"wp-element-caption\">Pr\u00f3tesis de rodilla<\/figcaption><\/figure>\n<\/figure>\n\n\n\n<p><\/p>\n\n\n\n<p>Entre las articulaciones m\u00e1s importantes se encuentran la cadera, la rodilla y el hombro. El desgaste articular o bien algunas afecciones o traumatismos, pueden llevar a un paciente a requerir una nueva articulaci\u00f3n. A lo largo del tiempo, la ortopedia ha avanzado en el conocimiento sobre la funci\u00f3n de estas articulaciones y c\u00f3mo responden ante diferentes padecimientos ortop\u00e9dicos.<\/p>\n\n\n\n<p>El reemplazo articular o colocaci\u00f3n de pr\u00f3tesis es una cirug\u00eda que ha evolucionado significativamente en el campo de la ortopedia. Gracias a los avances en la t\u00e9cnica y los materiales, se ha reducido considerablemente la incidencia de complicaciones, y en la actualidad, es una cirug\u00eda segura y confiable.<\/p>\n\n\n\n<p>Antes de someterse a un reemplazo articular, se realiza un proceso de evaluaci\u00f3n exhaustivo para visualizar y tratar, en caso necesario, otros padecimientos que puedan afectar la evoluci\u00f3n del paciente despu\u00e9s de la cirug\u00eda.<\/p>\n\n\n\n<p>Hoy en d\u00eda, existen implantes articulares dise\u00f1ados para emular el movimiento natural de la articulaci\u00f3n con mayor precisi\u00f3n. Estos dispositivos ofrecen una mayor durabilidad, lo que permite a los pacientes disfrutar de una mejora significativa en su calidad de vida y realizar actividades cotidianas con mayor facilidad.<\/p>\n\n\n\n<figure class=\"wp-block-gallery has-nested-images columns-default is-cropped wp-block-gallery-2 is-layout-flex wp-block-gallery-is-layout-flex\">\n<figure class=\"wp-block-image size-large is-style-rounded\"><img data-opt-id=1365672981  fetchpriority=\"high\" decoding=\"async\" width=\"1024\" height=\"652\" data-id=\"437\" src=\"https:\/\/mloqo7naqml6.i.optimole.com\/w:1024\/h:652\/q:mauto\/f:best\/https:\/\/artrotrauma.com\/wp-content\/uploads\/2023\/08\/ortopedia-y-traumotologia2.jpg.webp\" alt=\"\" class=\"wp-image-437\" srcset=\"https:\/\/mloqo7naqml6.i.optimole.com\/w:1024\/h:652\/q:mauto\/f:best\/https:\/\/artrotrauma.com\/wp-content\/uploads\/2023\/08\/ortopedia-y-traumotologia2.jpg.webp 1024w, https:\/\/mloqo7naqml6.i.optimole.com\/w:300\/h:191\/q:mauto\/f:best\/https:\/\/artrotrauma.com\/wp-content\/uploads\/2023\/08\/ortopedia-y-traumotologia2.jpg.webp 300w, https:\/\/mloqo7naqml6.i.optimole.com\/w:768\/h:489\/q:mauto\/f:best\/https:\/\/artrotrauma.com\/wp-content\/uploads\/2023\/08\/ortopedia-y-traumotologia2.jpg.webp 768w, https:\/\/mloqo7naqml6.i.optimole.com\/w:1100\/h:700\/q:mauto\/f:best\/https:\/\/artrotrauma.com\/wp-content\/uploads\/2023\/08\/ortopedia-y-traumotologia2.jpg.webp 1100w\" sizes=\"(max-width: 1024px) 100vw, 1024px\" \/><\/figure>\n\n\n\n<figure class=\"wp-block-image size-large is-style-rounded\"><img data-opt-id=1409594297  data-opt-src=\"https:\/\/mloqo7naqml6.i.optimole.com\/w:auto\/h:auto\/q:mauto\/f:best\/https:\/\/artrotrauma.com\/wp-content\/uploads\/2023\/08\/types-of-knee-pain-you-shouldnt-ignore.jpg\"  decoding=\"async\" width=\"799\" height=\"400\" data-id=\"387\" src=\"data:image/svg+xml,%3Csvg%20viewBox%3D%220%200%20100%%20100%%22%20width%3D%22100%%22%20height%3D%22100%%22%20xmlns%3D%22http%3A%2F%2Fwww.w3.org%2F2000%2Fsvg%22%3E%3Crect%20width%3D%22100%%22%20height%3D%22100%%22%20fill%3D%22transparent%22%2F%3E%3C%2Fsvg%3E\" alt=\"\" class=\"wp-image-387\" old-srcset=\"https:\/\/mloqo7naqml6.i.optimole.com\/w:799\/h:400\/q:mauto\/f:best\/https:\/\/artrotrauma.com\/wp-content\/uploads\/2023\/08\/types-of-knee-pain-you-shouldnt-ignore.jpg 799w, https:\/\/mloqo7naqml6.i.optimole.com\/w:300\/h:150\/q:mauto\/f:best\/https:\/\/artrotrauma.com\/wp-content\/uploads\/2023\/08\/types-of-knee-pain-you-shouldnt-ignore.jpg 300w, https:\/\/mloqo7naqml6.i.optimole.com\/w:768\/h:384\/q:mauto\/f:best\/https:\/\/artrotrauma.com\/wp-content\/uploads\/2023\/08\/types-of-knee-pain-you-shouldnt-ignore.jpg 768w\" \/><\/figure>\n<\/figure>\n\n\n\n<p>En nuestro consultorio, contamos con un equipo especializado en el manejo de patolog\u00edas articulares y en ofrecer soluciones de vanguardia para nuestros pacientes. Si est\u00e1s considerando un reemplazo articular o tienes alguna pregunta relacionada con tus articulaciones, te invitamos a agendar una consulta con nosotros para obtener una evaluaci\u00f3n completa y discutir las mejores opciones de tratamiento para ti. <\/p>\n\n\n\n<p>Nuestro objetivo es ayudarte a recuperar la funci\u00f3n de tus articulaciones y mejorar tu bienestar general.<\/p>\n","protected":false},"excerpt":{"rendered":"<p>Las articulaciones son las estructuras en nuestro esqueleto que nos permiten realizar movimientos, como caminar, hacer ejercicio y mover nuestros brazos y piernas. Son fundamentales para nuestra movilidad y calidad de vida, ya que nos permiten realizar actividades diarias de forma fluida y sin dolor. Entre las articulaciones m\u00e1s importantes se encuentran la cadera, la &#8230; <a title=\"Pr\u00f3tesis o remplazo articular en ortopedia\" class=\"read-more\" href=\"https:\/\/artrotrauma.com\/?page_id=301\" aria-label=\"More on Pr\u00f3tesis o remplazo articular en ortopedia\">Read more<\/a><\/p>\n","protected":false},"author":1,"featured_media":0,"parent":190,"menu_order":0,"comment_status":"closed","ping_status":"closed","template":"","meta":{"footnotes":""},"class_list":["post-301","page","type-page","status-publish"],"_links":{"self":[{"href":"https:\/\/artrotrauma.com\/index.php?rest_route=\/wp\/v2\/pages\/301","targetHints":{"allow":["GET"]}}],"collection":[{"href":"https:\/\/artrotrauma.com\/index.php?rest_route=\/wp\/v2\/pages"}],"about":[{"href":"https:\/\/artrotrauma.com\/index.php?rest_route=\/wp\/v2\/types\/page"}],"author":[{"embeddable":true,"href":"https:\/\/artrotrauma.com\/index.php?rest_route=\/wp\/v2\/users\/1"}],"replies":[{"embeddable":true,"href":"https:\/\/artrotrauma.com\/index.php?rest_route=%2Fwp%2Fv2%2Fcomments&post=301"}],"version-history":[{"count":7,"href":"https:\/\/artrotrauma.com\/index.php?rest_route=\/wp\/v2\/pages\/301\/revisions"}],"predecessor-version":[{"id":470,"href":"https:\/\/artrotrauma.com\/index.php?rest_route=\/wp\/v2\/pages\/301\/revisions\/470"}],"up":[{"embeddable":true,"href":"https:\/\/artrotrauma.com\/index.php?rest_route=\/wp\/v2\/pages\/190"}],"wp:attachment":[{"href":"https:\/\/artrotrauma.com\/index.php?rest_route=%2Fwp%2Fv2%2Fmedia&parent=301"}],"curies":[{"name":"wp","href":"https:\/\/api.w.org\/{rel}","templated":true}]}}